{"id":9036,"date":"2023-11-04T09:53:40","date_gmt":"2023-11-04T07:53:40","guid":{"rendered":"https:\/\/teuli.net\/?page_id=9036"},"modified":"2023-11-08T10:36:49","modified_gmt":"2023-11-08T08:36:49","slug":"sugupuu","status":"publish","type":"page","link":"https:\/\/teuli.net\/?page_id=9036","title":{"rendered":"SUGUPUU"},"content":{"rendered":"\n<p>GUTMAN<\/p>\n\n\n\n<p><a href=\"https:\/\/teuli.net\/?page_id=9634\" data-type=\"link\" data-id=\"https:\/\/teuli.net\/?page_id=9634\">Ernst Gutman<\/a><br \/><a href=\"https:\/\/teuli.net\/?page_id=9675\" data-type=\"link\" data-id=\"https:\/\/teuli.net\/?page_id=9675\">J\u00fcri Gutman<\/a><br \/><a href=\"https:\/\/teuli.net\/?page_id=9677\" data-type=\"link\" data-id=\"https:\/\/teuli.net\/?page_id=9677\">Miili Gutman<\/a><\/p>\n\n\n\n<p>J\u00c4GER<\/p>\n\n\n\n<p>Katrin J\u00e4ger<br \/>Meelis J\u00e4ger<br \/>Silver J\u00e4ger<br \/>Sander J\u00e4ger<\/p>\n\n\n\n<p>KAPPER<\/p>\n\n\n\n<p><a href=\"https:\/\/teuli.net\/?page_id=9505\" data-type=\"link\" data-id=\"https:\/\/teuli.net\/?page_id=9505\">Enn Kapper<\/a><br \/><a href=\"https:\/\/teuli.net\/?page_id=9507\" data-type=\"link\" data-id=\"https:\/\/teuli.net\/?page_id=9507\">Mare Kapper<\/a><br \/><a href=\"https:\/\/teuli.net\/?page_id=9509\" data-type=\"link\" data-id=\"https:\/\/teuli.net\/?page_id=9509\">Margit Kapper<\/a><br \/><a href=\"https:\/\/teuli.net\/?page_id=9511\" data-type=\"link\" data-id=\"https:\/\/teuli.net\/?page_id=9511\">Raivet Kapper<\/a><br \/><a href=\"https:\/\/teuli.net\/?page_id=9513\" data-type=\"link\" data-id=\"https:\/\/teuli.net\/?page_id=9513\">Katrin Kapper<\/a><br \/><a href=\"https:\/\/teuli.net\/?page_id=9515\" data-type=\"link\" data-id=\"https:\/\/teuli.net\/?page_id=9515\">Kersti Kapper<\/a><\/p>\n\n\n\n<p>KASK<\/p>\n\n\n\n<p><a href=\"https:\/\/teuli.net\/?page_id=9474\" data-type=\"link\" data-id=\"https:\/\/teuli.net\/?page_id=9474\">Peeter Kask<\/a><br \/><a href=\"https:\/\/teuli.net\/?page_id=9476\" data-type=\"link\" data-id=\"https:\/\/teuli.net\/?page_id=9476\">Urve Kask<\/a><br \/><a href=\"https:\/\/teuli.net\/?page_id=9479\" data-type=\"link\" data-id=\"https:\/\/teuli.net\/?page_id=9479\">Andrus Kask<\/a><\/p>\n\n\n\n<p>KIISA<\/p>\n\n\n\n<p><a href=\"https:\/\/teuli.net\/?page_id=9486\" data-type=\"link\" data-id=\"https:\/\/teuli.net\/?page_id=9486\">Johannes Kiisa<\/a><br \/><a href=\"https:\/\/teuli.net\/?page_id=9488\" data-type=\"link\" data-id=\"https:\/\/teuli.net\/?page_id=9488\">Miili Kiisa<\/a><br \/><a href=\"https:\/\/teuli.net\/?page_id=9491\" data-type=\"link\" data-id=\"https:\/\/teuli.net\/?page_id=9491\">Linda Kiisa<\/a><\/p>\n\n\n\n<p>KEBA<\/p>\n\n\n\n<p><a href=\"https:\/\/teuli.net\/?page_id=9241\" data-type=\"link\" data-id=\"https:\/\/teuli.net\/?page_id=9241\">Selma Keba<\/a><br \/><a href=\"https:\/\/teuli.net\/?page_id=9254\" data-type=\"link\" data-id=\"https:\/\/teuli.net\/?page_id=9254\">Illar Keba<\/a><\/p>\n\n\n\n<p>LEHOVA<\/p>\n\n\n\n<p><a href=\"https:\/\/teuli.net\/?page_id=9123\" data-type=\"link\" data-id=\"https:\/\/teuli.net\/?page_id=9123\">Maria Lehova<\/a><br \/><a href=\"https:\/\/teuli.net\/?page_id=9191\" data-type=\"link\" data-id=\"https:\/\/teuli.net\/?page_id=9191\">Jaan Lehova<\/a><\/p>\n\n\n\n<p>LILLEPUU<\/p>\n\n\n\n<p><a href=\"https:\/\/teuli.net\/?page_id=9296\" data-type=\"link\" data-id=\"https:\/\/teuli.net\/?page_id=9296\">Volli Lillepuu<\/a><br \/><a href=\"https:\/\/teuli.net\/?page_id=9200\" data-type=\"link\" data-id=\"https:\/\/teuli.net\/?page_id=9200\">Aimar Lillepuu<\/a><\/p>\n\n\n\n<p>LEPPIK<\/p>\n\n\n\n<p><a href=\"https:\/\/teuli.net\/?page_id=9114\" data-type=\"link\" data-id=\"https:\/\/teuli.net\/?page_id=9114\">Mart Leppik<\/a><br \/><a href=\"https:\/\/teuli.net\/?page_id=9109\" data-type=\"link\" data-id=\"https:\/\/teuli.net\/?page_id=9109\">Ann Leppiku<\/a><br \/><a href=\"https:\/\/teuli.net\/?page_id=9183\" data-type=\"link\" data-id=\"https:\/\/teuli.net\/?page_id=9183\">Adeele Lepik<\/a><br \/><a href=\"https:\/\/teuli.net\/?page_id=9117\" data-type=\"link\" data-id=\"https:\/\/teuli.net\/?page_id=9117\">Julius Theodor Leppik<\/a><br \/><a href=\"https:\/\/teuli.net\/?page_id=9174\" data-type=\"link\" data-id=\"https:\/\/teuli.net\/?page_id=9174\">Maria Lepik<\/a><br \/><a href=\"https:\/\/teuli.net\/?page_id=9162\" data-type=\"link\" data-id=\"https:\/\/teuli.net\/?page_id=9162\">Aino Lepik<\/a><br \/><a href=\"https:\/\/teuli.net\/?page_id=9185\" data-type=\"link\" data-id=\"https:\/\/teuli.net\/?page_id=9185\">August Lepik<\/a><br \/><a href=\"https:\/\/teuli.net\/?page_id=9181\" data-type=\"link\" data-id=\"https:\/\/teuli.net\/?page_id=9181\">Helmi Lepik<\/a><br \/><\/p>\n\n\n\n<p>LUHAMETS<\/p>\n\n\n\n<p><a href=\"https:\/\/teuli.net\/?page_id=9223\" data-type=\"link\" data-id=\"https:\/\/teuli.net\/?page_id=9223\">Elar Luhamets<\/a><br \/><a href=\"https:\/\/teuli.net\/?page_id=9226\" data-type=\"link\" data-id=\"https:\/\/teuli.net\/?page_id=9226\">Laura Luhamets<\/a><br \/><a href=\"https:\/\/teuli.net\/?page_id=9228\" data-type=\"link\" data-id=\"https:\/\/teuli.net\/?page_id=9228\">Lauri Luhamets<\/a><br \/><a href=\"https:\/\/teuli.net\/?page_id=9230\" data-type=\"link\" data-id=\"https:\/\/teuli.net\/?page_id=9230\">Kemar Luhamets<\/a><\/p>\n\n\n\n<p>MIIR<\/p>\n\n\n\n<p><a href=\"https:\/\/teuli.net\/?page_id=9388\" data-type=\"link\" data-id=\"https:\/\/teuli.net\/?page_id=9388\">Jaan Miir<\/a><br \/><a href=\"https:\/\/teuli.net\/?page_id=9390\" data-type=\"link\" data-id=\"https:\/\/teuli.net\/?page_id=9390\">Leena Miir<\/a><br \/><a href=\"https:\/\/teuli.net\/?page_id=9392\" data-type=\"link\" data-id=\"https:\/\/teuli.net\/?page_id=9392\">Aleksander Miir<\/a><br \/><a href=\"https:\/\/teuli.net\/?page_id=9396\" data-type=\"link\" data-id=\"https:\/\/teuli.net\/?page_id=9396\">Marie Miir<\/a><br \/><a href=\"https:\/\/teuli.net\/?page_id=9405\" data-type=\"link\" data-id=\"https:\/\/teuli.net\/?page_id=9405\">Adolf Miir<\/a><br \/><a href=\"https:\/\/teuli.net\/?page_id=9408\" data-type=\"link\" data-id=\"https:\/\/teuli.net\/?page_id=9408\">Anton Miir<\/a><br \/><a href=\"https:\/\/teuli.net\/?page_id=9411\" data-type=\"link\" data-id=\"https:\/\/teuli.net\/?page_id=9411\">Vaike Miir<\/a><br \/><a href=\"https:\/\/teuli.net\/?page_id=9414\" data-type=\"link\" data-id=\"https:\/\/teuli.net\/?page_id=9414\">Miir<\/a><br \/><a href=\"https:\/\/teuli.net\/?page_id=9417\" data-type=\"link\" data-id=\"https:\/\/teuli.net\/?page_id=9417\">Laine Miir<\/a><br \/><a href=\"https:\/\/teuli.net\/?page_id=9420\" data-type=\"link\" data-id=\"https:\/\/teuli.net\/?page_id=9420\">Maie Miir<\/a><br \/><a href=\"https:\/\/teuli.net\/?page_id=9423\" data-type=\"link\" data-id=\"https:\/\/teuli.net\/?page_id=9423\">Linda Miir<\/a><br \/><a href=\"https:\/\/teuli.net\/?page_id=9425\" data-type=\"link\" data-id=\"https:\/\/teuli.net\/?page_id=9425\">Arnold Miir<\/a><br \/><a href=\"https:\/\/teuli.net\/?page_id=9427\" data-type=\"link\" data-id=\"https:\/\/teuli.net\/?page_id=9427\">Erna Miir<\/a><br \/><a href=\"https:\/\/teuli.net\/?page_id=9429\" data-type=\"link\" data-id=\"https:\/\/teuli.net\/?page_id=9429\">Harald Miir<\/a><br \/><a href=\"https:\/\/teuli.net\/?page_id=9398\" data-type=\"link\" data-id=\"https:\/\/teuli.net\/?page_id=9398\">Miranda Miir<\/a><br \/><a href=\"https:\/\/teuli.net\/?page_id=9433\" data-type=\"link\" data-id=\"https:\/\/teuli.net\/?page_id=9433\">Urmas Miir<\/a><br \/><a href=\"https:\/\/teuli.net\/?page_id=9401\" data-type=\"link\" data-id=\"https:\/\/teuli.net\/?page_id=9401\">Kaja Miir<\/a><br \/><a href=\"https:\/\/teuli.net\/?page_id=9469\" data-type=\"link\" data-id=\"https:\/\/teuli.net\/?page_id=9469\">Urve Miir<\/a><br \/><a href=\"https:\/\/teuli.net\/?page_id=9532\" data-type=\"link\" data-id=\"https:\/\/teuli.net\/?page_id=9532\">Kalmer Miir<\/a><br \/><a href=\"https:\/\/teuli.net\/?page_id=9606\" data-type=\"link\" data-id=\"https:\/\/teuli.net\/?page_id=9606\">Mare Miir<\/a><br \/><a href=\"https:\/\/teuli.net\/?page_id=9608\" data-type=\"link\" data-id=\"https:\/\/teuli.net\/?page_id=9608\">Anne Miir<\/a><\/p>\n\n\n\n<p>MUDA<\/p>\n\n\n\n<p><a href=\"https:\/\/teuli.net\/?page_id=9457\" data-type=\"link\" data-id=\"https:\/\/teuli.net\/?page_id=9457\">Erna Muda<\/a><br \/><a href=\"https:\/\/teuli.net\/?page_id=9463\" data-type=\"link\" data-id=\"https:\/\/teuli.net\/?page_id=9463\">Leena Muda<\/a><\/p>\n\n\n\n<p>MUMMA<\/p>\n\n\n\n<p><a href=\"https:\/\/teuli.net\/?page_id=9288\" data-type=\"link\" data-id=\"https:\/\/teuli.net\/?page_id=9288\">Hilja Mumma<\/a><\/p>\n\n\n\n<p>MURELIK<\/p>\n\n\n\n<p><a href=\"https:\/\/teuli.net\/?page_id=9362\" data-type=\"link\" data-id=\"https:\/\/teuli.net\/?page_id=9362\">Karl Murelik<\/a><br \/><a href=\"https:\/\/teuli.net\/?page_id=9364\" data-type=\"link\" data-id=\"https:\/\/teuli.net\/?page_id=9364\">Mari Murelik<\/a><br \/><a href=\"https:\/\/teuli.net\/?page_id=9366\" data-type=\"link\" data-id=\"https:\/\/teuli.net\/?page_id=9366\">Marie Murelik<\/a><br \/><a href=\"https:\/\/teuli.net\/?page_id=9369\" data-type=\"link\" data-id=\"https:\/\/teuli.net\/?page_id=9369\">Leopold Murelik<\/a><br \/>Valter Murelik<br \/>Agathe Murelik<\/p>\n\n\n\n<p>M\u00c4NNIK<\/p>\n\n\n\n<p><a href=\"https:\/\/teuli.net\/?page_id=9685\" data-type=\"link\" data-id=\"https:\/\/teuli.net\/?page_id=9685\">Berta M\u00e4nnik<\/a><br \/><a href=\"https:\/\/teuli.net\/?page_id=9687\" data-type=\"link\" data-id=\"https:\/\/teuli.net\/?page_id=9687\">Rein M\u00e4nnik<\/a><br \/><a href=\"https:\/\/teuli.net\/?page_id=9689\" data-type=\"link\" data-id=\"https:\/\/teuli.net\/?page_id=9689\">Aki M\u00e4nnik<\/a><\/p>\n\n\n\n<p>NARITS<\/p>\n\n\n\n<p><a href=\"https:\/\/teuli.net\/?page_id=9642\" data-type=\"link\" data-id=\"https:\/\/teuli.net\/?page_id=9642\">Mart Narits<\/a><br \/><a href=\"https:\/\/teuli.net\/?page_id=9645\" data-type=\"link\" data-id=\"https:\/\/teuli.net\/?page_id=9645\">Anna Pauliine Narits<\/a><br \/><a href=\"https:\/\/teuli.net\/?page_id=9655\" data-type=\"link\" data-id=\"https:\/\/teuli.net\/?page_id=9655\">Hildegard Elviine Narits<\/a><\/p>\n\n\n\n<p>NURME<\/p>\n\n\n\n<p><a href=\"https:\/\/teuli.net\/?page_id=9237\" data-type=\"link\" data-id=\"https:\/\/teuli.net\/?page_id=9237\">Karl Nurme<\/a><br \/><a href=\"https:\/\/teuli.net\/?page_id=9250\" data-type=\"link\" data-id=\"https:\/\/teuli.net\/?page_id=9250\">Salma Nurme<\/a><br \/><a href=\"https:\/\/teuli.net\/?page_id=9264\" data-type=\"link\" data-id=\"https:\/\/teuli.net\/?page_id=9264\">Ille Nurme<\/a><br \/><a href=\"https:\/\/teuli.net\/?page_id=9266\" data-type=\"link\" data-id=\"https:\/\/teuli.net\/?page_id=9266\">Ivike Nurme<\/a><br \/><a href=\"https:\/\/teuli.net\/?page_id=9087\" data-type=\"link\" data-id=\"https:\/\/teuli.net\/?page_id=9087\">Imbi Nurme<\/a><\/p>\n\n\n\n<p>KIIGEM\u00c4GI<\/p>\n\n\n\n<p><a href=\"https:\/\/teuli.net\/?page_id=9291\" data-type=\"link\" data-id=\"https:\/\/teuli.net\/?page_id=9291\">Silvi Kiigem\u00e4gi<\/a><\/p>\n\n\n\n<p>K\u00dcBARSEPP<\/p>\n\n\n\n<p><a href=\"https:\/\/teuli.net\/?page_id=9132\" data-type=\"link\" data-id=\"https:\/\/teuli.net\/?page_id=9132\">Jaagup K\u00fcbarsepp<\/a><br \/><a href=\"https:\/\/teuli.net\/?page_id=9129\" data-type=\"link\" data-id=\"https:\/\/teuli.net\/?page_id=9129\">Ann K\u00fcbarsepp<\/a><br \/><a href=\"https:\/\/teuli.net\/?page_id=9135\" data-type=\"link\" data-id=\"https:\/\/teuli.net\/?page_id=9135\">Juhan K\u00fcbarsepp<\/a><br \/><a href=\"https:\/\/teuli.net\/?page_id=9137\" data-type=\"link\" data-id=\"https:\/\/teuli.net\/?page_id=9137\">Aleksei K\u00fcbarsepp<\/a><br \/><a href=\"https:\/\/teuli.net\/?page_id=9140\" data-type=\"link\" data-id=\"https:\/\/teuli.net\/?page_id=9140\">August K\u00fcbarsepp<\/a><br \/><a href=\"https:\/\/teuli.net\/?page_id=9120\" data-type=\"link\" data-id=\"https:\/\/teuli.net\/?page_id=9120\">Maria K\u00fcbarsepp<\/a><\/p>\n\n\n\n<p>RAJU<\/p>\n\n\n\n<p><a href=\"https:\/\/teuli.net\/?page_id=9552\" data-type=\"link\" data-id=\"https:\/\/teuli.net\/?page_id=9552\">Hildegard Elviine Raju<\/a><br \/><a href=\"https:\/\/teuli.net\/?page_id=9554\" data-type=\"link\" data-id=\"https:\/\/teuli.net\/?page_id=9554\">Eira Raju<\/a><br \/><a href=\"https:\/\/teuli.net\/?page_id=9557\" data-type=\"link\" data-id=\"https:\/\/teuli.net\/?page_id=9557\">Vello Raju<\/a><br \/><a href=\"https:\/\/teuli.net\/?page_id=9560\" data-type=\"link\" data-id=\"https:\/\/teuli.net\/?page_id=9560\">Mare Raju<\/a><br \/><a href=\"https:\/\/teuli.net\/?page_id=9562\" data-type=\"link\" data-id=\"https:\/\/teuli.net\/?page_id=9562\">Heino Raju<\/a><br \/><a href=\"https:\/\/teuli.net\/?page_id=9566\" data-type=\"link\" data-id=\"https:\/\/teuli.net\/?page_id=9566\">Viio Raju<\/a><br \/><a href=\"https:\/\/teuli.net\/?page_id=9569\" data-type=\"link\" data-id=\"https:\/\/teuli.net\/?page_id=9569\">Katrin Raju<\/a><br \/><a href=\"https:\/\/teuli.net\/?page_id=9572\" data-type=\"link\" data-id=\"https:\/\/teuli.net\/?page_id=9572\">Kai Raju<\/a><br \/><a href=\"https:\/\/teuli.net\/?page_id=9574\" data-type=\"link\" data-id=\"https:\/\/teuli.net\/?page_id=9574\">Riina Raju<\/a><br \/><a href=\"https:\/\/teuli.net\/?page_id=9577\" data-type=\"link\" data-id=\"https:\/\/teuli.net\/?page_id=9577\">Rauno Raju<\/a><\/p>\n\n\n\n<p>SAKJAS<\/p>\n\n\n\n<p><a href=\"https:\/\/teuli.net\/?page_id=9692\" data-type=\"link\" data-id=\"https:\/\/teuli.net\/?page_id=9692\">Mart Sakjas<\/a><br \/><a href=\"https:\/\/teuli.net\/?page_id=9694\" data-type=\"link\" data-id=\"https:\/\/teuli.net\/?page_id=9694\">Marri Sakjas<\/a><br \/><a href=\"https:\/\/teuli.net\/?page_id=9697\" data-type=\"link\" data-id=\"https:\/\/teuli.net\/?page_id=9697\">Ann Sakjas<\/a><br \/><a href=\"https:\/\/teuli.net\/?page_id=9699\" data-type=\"link\" data-id=\"https:\/\/teuli.net\/?page_id=9699\">Hans Sakjas<\/a><br \/><a href=\"https:\/\/teuli.net\/?page_id=9702\" data-type=\"link\" data-id=\"https:\/\/teuli.net\/?page_id=9702\">Kr\u00f5\u00f5t Sakjas<\/a><br \/><a href=\"https:\/\/teuli.net\/?page_id=9705\" data-type=\"link\" data-id=\"https:\/\/teuli.net\/?page_id=9705\">Hans Sakjas<\/a><br \/><a href=\"https:\/\/teuli.net\/?page_id=9707\" data-type=\"link\" data-id=\"https:\/\/teuli.net\/?page_id=9707\">Marri Sakjas<\/a><br \/><a href=\"https:\/\/teuli.net\/?page_id=9710\" data-type=\"link\" data-id=\"https:\/\/teuli.net\/?page_id=9710\">Madle Sakjas<\/a><br \/><a href=\"https:\/\/teuli.net\/?page_id=9712\" data-type=\"link\" data-id=\"https:\/\/teuli.net\/?page_id=9712\">Jaan Sakjas<\/a><br \/><a href=\"https:\/\/teuli.net\/?page_id=9714\" data-type=\"link\" data-id=\"https:\/\/teuli.net\/?page_id=9714\">Anna-Maria Sakjas<\/a><br \/><a href=\"https:\/\/teuli.net\/?page_id=9716\" data-type=\"link\" data-id=\"https:\/\/teuli.net\/?page_id=9716\">Jaan Sakjas<\/a><br \/><a href=\"https:\/\/teuli.net\/?page_id=9718\" data-type=\"link\" data-id=\"https:\/\/teuli.net\/?page_id=9718\">Anna-Maria Sakjas<\/a><br \/><a href=\"https:\/\/teuli.net\/?page_id=9720\" data-type=\"link\" data-id=\"https:\/\/teuli.net\/?page_id=9720\">Johannes Sakjas<\/a><br \/><a href=\"https:\/\/teuli.net\/?page_id=9722\" data-type=\"link\" data-id=\"https:\/\/teuli.net\/?page_id=9722\">Aleksander Sakjas<\/a><br \/><a href=\"https:\/\/teuli.net\/?page_id=9724\" data-type=\"link\" data-id=\"https:\/\/teuli.net\/?page_id=9724\">Helene Sakjas<\/a><br \/><a href=\"https:\/\/teuli.net\/?page_id=9726\" data-type=\"link\" data-id=\"https:\/\/teuli.net\/?page_id=9726\">Lowise Sakjas<\/a><br \/><a href=\"https:\/\/teuli.net\/?page_id=9728\" data-type=\"link\" data-id=\"https:\/\/teuli.net\/?page_id=9728\">Aleksander Sakjas<\/a><br \/><a href=\"https:\/\/teuli.net\/?page_id=9730\" data-type=\"link\" data-id=\"https:\/\/teuli.net\/?page_id=9730\">Juli-Alide Sakjas<\/a><br \/><a href=\"https:\/\/teuli.net\/?page_id=9732\" data-type=\"link\" data-id=\"https:\/\/teuli.net\/?page_id=9732\">Anton Sakjas<\/a><br \/><a href=\"https:\/\/teuli.net\/?page_id=9734\" data-type=\"link\" data-id=\"https:\/\/teuli.net\/?page_id=9734\">August Sakjas<\/a><br \/><a href=\"https:\/\/teuli.net\/?page_id=9802\" data-type=\"link\" data-id=\"https:\/\/teuli.net\/?page_id=9802\">Miili Sakjas<\/a><br \/><a href=\"https:\/\/teuli.net\/?page_id=9804\" data-type=\"link\" data-id=\"https:\/\/teuli.net\/?page_id=9804\">Maria-Rosalie Sakjas<\/a><br \/><a href=\"https:\/\/teuli.net\/?page_id=9806\" data-type=\"link\" data-id=\"https:\/\/teuli.net\/?page_id=9806\">Aleksander Sakjas<\/a><br \/><a href=\"https:\/\/teuli.net\/?page_id=9809\" data-type=\"link\" data-id=\"https:\/\/teuli.net\/?page_id=9809\">Anna Sakjas<\/a><br \/><\/p>\n\n\n\n<p>SILLA<\/p>\n\n\n\n<p><a href=\"https:\/\/teuli.net\/?page_id=9736\" data-type=\"link\" data-id=\"https:\/\/teuli.net\/?page_id=9736\">Aabram Silla<\/a><br \/><a href=\"https:\/\/teuli.net\/?page_id=9738\" data-type=\"link\" data-id=\"https:\/\/teuli.net\/?page_id=9738\">Berta Silla<\/a><br \/><a href=\"https:\/\/teuli.net\/?page_id=9343\" data-type=\"link\" data-id=\"https:\/\/teuli.net\/?page_id=9343\">J\u00fcri Silla<\/a><br \/><a href=\"https:\/\/teuli.net\/?page_id=9740\" data-type=\"link\" data-id=\"https:\/\/teuli.net\/?page_id=9740\">Rein Silla<\/a><br \/><a href=\"https:\/\/teuli.net\/?page_id=9340\" data-type=\"link\" data-id=\"https:\/\/teuli.net\/?page_id=9340\">Miranda Silla<\/a><br \/><a href=\"https:\/\/teuli.net\/?page_id=9611\" data-type=\"link\" data-id=\"https:\/\/teuli.net\/?page_id=9611\">\u00d5ie Silla<\/a><br \/>Ruudi Silla<br \/><a href=\"https:\/\/teuli.net\/?page_id=9742\" data-type=\"link\" data-id=\"https:\/\/teuli.net\/?page_id=9742\">Karla Silla<\/a><br \/><a href=\"https:\/\/teuli.net\/?page_id=9063\" data-type=\"link\" data-id=\"https:\/\/teuli.net\/?page_id=9063\">Kaja Silla<\/a><br \/><a href=\"https:\/\/teuli.net\/?page_id=9348\" data-type=\"link\" data-id=\"https:\/\/teuli.net\/?page_id=9348\">Uljam Silla<\/a><br \/><a href=\"https:\/\/teuli.net\/?page_id=9351\" data-type=\"link\" data-id=\"https:\/\/teuli.net\/?page_id=9351\">Liina Silla<\/a><br \/><a href=\"https:\/\/teuli.net\/?page_id=9353\" data-type=\"link\" data-id=\"https:\/\/teuli.net\/?page_id=9353\">Arvo Silla<\/a><br \/><\/p>\n\n\n\n<p>SILM<\/p>\n\n\n\n<p><a href=\"https:\/\/teuli.net\/?page_id=9744\" data-type=\"link\" data-id=\"https:\/\/teuli.net\/?page_id=9744\">Asta Silm<\/a><br \/><a href=\"https:\/\/teuli.net\/?page_id=9746\" data-type=\"link\" data-id=\"https:\/\/teuli.net\/?page_id=9746\">Toomas Silm<\/a><br \/><a href=\"https:\/\/teuli.net\/?page_id=9748\" data-type=\"link\" data-id=\"https:\/\/teuli.net\/?page_id=9748\">Anne Silm<\/a><br \/><a href=\"https:\/\/teuli.net\/?page_id=9750\" data-type=\"link\" data-id=\"https:\/\/teuli.net\/?page_id=9750\">Aire Silm<\/a><br \/><a href=\"https:\/\/teuli.net\/?page_id=9752\" data-type=\"link\" data-id=\"https:\/\/teuli.net\/?page_id=9752\">Reili Silm<\/a><\/p>\n\n\n\n<p>S\u00c4DE<\/p>\n\n\n\n<p><a href=\"https:\/\/teuli.net\/?page_id=9276\" data-type=\"link\" data-id=\"https:\/\/teuli.net\/?page_id=9276\">Ago S\u00e4de<\/a><br \/><a href=\"https:\/\/teuli.net\/?page_id=9282\" data-type=\"link\" data-id=\"https:\/\/teuli.net\/?page_id=9282\">Margo S\u00e4de<\/a><\/p>\n\n\n\n<p>RAHUORG<\/p>\n\n\n\n<p><a href=\"https:\/\/teuli.net\/?page_id=9538\" data-type=\"link\" data-id=\"https:\/\/teuli.net\/?page_id=9538\">Katrin Rahuorg<\/a><\/p>\n\n\n\n<p>RAIKNA<\/p>\n\n\n\n<p><a href=\"https:\/\/teuli.net\/?page_id=9581\" data-type=\"link\" data-id=\"https:\/\/teuli.net\/?page_id=9581\">Rein Raikna<\/a><br \/><a href=\"https:\/\/teuli.net\/?page_id=9583\" data-type=\"link\" data-id=\"https:\/\/teuli.net\/?page_id=9583\">Rahel Raikna<\/a><\/p>\n\n\n\n<p>TELLIS<\/p>\n\n\n\n<p><a href=\"https:\/\/teuli.net\/?page_id=9519\" data-type=\"link\" data-id=\"https:\/\/teuli.net\/?page_id=9519\">Mart Tellis<\/a><br \/><a href=\"https:\/\/teuli.net\/?page_id=9521\" data-type=\"link\" data-id=\"https:\/\/teuli.net\/?page_id=9521\">Anne Tellis<\/a><br \/><a href=\"https:\/\/teuli.net\/?page_id=9523\" data-type=\"link\" data-id=\"https:\/\/teuli.net\/?page_id=9523\">Rainer Tellis<\/a><\/p>\n\n\n\n<p>TEULI<\/p>\n\n\n\n<p><a href=\"https:\/\/teuli.net\/?page_id=9210\" data-type=\"link\" data-id=\"https:\/\/teuli.net\/?page_id=9210\">Aadam Teuli<\/a><br \/><a href=\"https:\/\/teuli.net\/?page_id=9219\" data-type=\"link\" data-id=\"https:\/\/teuli.net\/?page_id=9219\">Anna Teuli<\/a><br \/><a href=\"https:\/\/teuli.net\/?page_id=9318\" data-type=\"link\" data-id=\"https:\/\/teuli.net\/?page_id=9318\">Aleksander Teuli<\/a><br \/><a href=\"https:\/\/teuli.net\/?page_id=9320\" data-type=\"link\" data-id=\"https:\/\/teuli.net\/?page_id=9320\">Peeter Teuli<\/a><br \/><a href=\"https:\/\/teuli.net\/?page_id=9206\" data-type=\"link\" data-id=\"https:\/\/teuli.net\/?page_id=9206\">Jaan Teuli<\/a><br \/><a href=\"https:\/\/teuli.net\/?page_id=9323\" data-type=\"link\" data-id=\"https:\/\/teuli.net\/?page_id=9323\">Ksenja Teuli<\/a><br \/><a href=\"https:\/\/teuli.net\/?page_id=9325\" data-type=\"link\" data-id=\"https:\/\/teuli.net\/?page_id=9325\">Galina Teuli<\/a><br \/><a href=\"https:\/\/teuli.net\/?page_id=9328\" data-type=\"link\" data-id=\"https:\/\/teuli.net\/?page_id=9328\">Kaire Teuli<\/a><br \/><a href=\"https:\/\/teuli.net\/?page_id=9203\" data-type=\"link\" data-id=\"https:\/\/teuli.net\/?page_id=9203\">Aino Teuli<\/a><br \/><a href=\"https:\/\/teuli.net\/?page_id=9067\" data-type=\"link\" data-id=\"https:\/\/teuli.net\/?page_id=9067\">Aarne Teuli<\/a><br \/><a href=\"https:\/\/teuli.net\/?page_id=9087\" data-type=\"link\" data-id=\"https:\/\/teuli.net\/?page_id=9087\">Imbi Teuli<\/a><br \/><a href=\"https:\/\/teuli.net\/?page_id=9042\" data-type=\"link\" data-id=\"https:\/\/teuli.net\/?page_id=9042\">Uljam Teuli<\/a><br \/><a href=\"https:\/\/teuli.net\/?page_id=9046\" data-type=\"link\" data-id=\"https:\/\/teuli.net\/?page_id=9046\">Kai Teuli<\/a><br \/><a href=\"https:\/\/teuli.net\/?page_id=9091\" data-type=\"link\" data-id=\"https:\/\/teuli.net\/?page_id=9091\">Sirle Teuli<\/a><br \/><a href=\"https:\/\/teuli.net\/?page_id=9094\" data-type=\"link\" data-id=\"https:\/\/teuli.net\/?page_id=9094\">Meelis Teuli<\/a><br \/><a href=\"https:\/\/teuli.net\/?page_id=9096\" data-type=\"link\" data-id=\"https:\/\/teuli.net\/?page_id=9096\">Virge Teuli<\/a><br \/><a href=\"https:\/\/teuli.net\/?page_id=9049\" data-type=\"link\" data-id=\"https:\/\/teuli.net\/?page_id=9049\">Madis Uljam Teuli<\/a><br \/><a href=\"https:\/\/teuli.net\/?page_id=9311\" data-type=\"link\" data-id=\"https:\/\/teuli.net\/?page_id=9311\">Karl Teuli<\/a><br \/><a href=\"https:\/\/teuli.net\/?page_id=9052\" data-type=\"link\" data-id=\"https:\/\/teuli.net\/?page_id=9052\">Madli Liis Teuli<\/a><br \/><a href=\"https:\/\/teuli.net\/?page_id=9055\" data-type=\"link\" data-id=\"https:\/\/teuli.net\/?page_id=9055\">Kadi Riin Teuli<\/a><br \/><a href=\"https:\/\/teuli.net\/?page_id=9057\" data-type=\"link\" data-id=\"https:\/\/teuli.net\/?page_id=9057\">Mihkel Ott Teuli<\/a><br \/><a href=\"https:\/\/teuli.net\/?page_id=9331\" data-type=\"link\" data-id=\"https:\/\/teuli.net\/?page_id=9331\">Mirjam Teuli<\/a><br \/><a href=\"https:\/\/teuli.net\/?page_id=9336\" data-type=\"link\" data-id=\"https:\/\/teuli.net\/?page_id=9336\">Roman Teuli<\/a><\/p>\n\n\n\n<p>TOHT<\/p>\n\n\n\n<p><a href=\"https:\/\/teuli.net\/?page_id=9754\" data-type=\"link\" data-id=\"https:\/\/teuli.net\/?page_id=9754\">Virve Toht<\/a><br \/><a href=\"https:\/\/teuli.net\/?page_id=9356\" data-type=\"link\" data-id=\"https:\/\/teuli.net\/?page_id=9356\">Arvo Toht<\/a><br \/><a href=\"https:\/\/teuli.net\/?page_id=9756\" data-type=\"link\" data-id=\"https:\/\/teuli.net\/?page_id=9756\">Ester Toht<\/a><\/p>\n\n\n\n<p>TUULIK<\/p>\n\n\n\n<p><a href=\"https:\/\/teuli.net\/?page_id=9105\" data-type=\"link\" data-id=\"https:\/\/teuli.net\/?page_id=9105\">Ann Tuulik<\/a><\/p>\n\n\n\n<p>UUSMEES<\/p>\n\n\n\n<p><a href=\"https:\/\/teuli.net\/?page_id=9758\" data-type=\"link\" data-id=\"https:\/\/teuli.net\/?page_id=9758\">Ester Uusmees<\/a><\/p>\n\n\n\n<p>UTENDORF<\/p>\n\n\n\n<p><a href=\"https:\/\/teuli.net\/?page_id=9760\" data-type=\"link\" data-id=\"https:\/\/teuli.net\/?page_id=9760\">Heiki Utendorf<\/a><br \/><a href=\"https:\/\/teuli.net\/?page_id=9762\" data-type=\"link\" data-id=\"https:\/\/teuli.net\/?page_id=9762\">Luukas Utendorf<\/a><\/p>\n\n\n\n<p>VALK<\/p>\n\n\n\n<p><a href=\"https:\/\/teuli.net\/?page_id=9381\" data-type=\"link\" data-id=\"https:\/\/teuli.net\/?page_id=9381\">Valk<\/a><br \/><a href=\"https:\/\/teuli.net\/?page_id=9383\" data-type=\"link\" data-id=\"https:\/\/teuli.net\/?page_id=9383\">Aleksander Valk<\/a><br \/><a href=\"https:\/\/teuli.net\/?page_id=9385\" data-type=\"link\" data-id=\"https:\/\/teuli.net\/?page_id=9385\">Johannes Valk<\/a><br \/><br \/><\/p>\n\n\n\n<p>\u00d5IGLANE<\/p>\n\n\n\n<p><a href=\"https:\/\/teuli.net\/?page_id=9302\" data-type=\"link\" data-id=\"https:\/\/teuli.net\/?page_id=9302\">Edgar \u00d5iglane<\/a><br \/><a href=\"https:\/\/teuli.net\/?page_id=9299\" data-type=\"link\" data-id=\"https:\/\/teuli.net\/?page_id=9299\">Maie \u00d5iglane<\/a><\/p>\n","protected":false},"excerpt":{"rendered":"<p>GUTMAN Ernst GutmanJ\u00fcri GutmanMiili Gutman J\u00c4GER Katrin J\u00e4gerMeelis J\u00e4gerSilver J\u00e4gerSander J\u00e4ger KAPPER Enn KapperMare KapperMargit KapperRaivet KapperKatrin KapperKersti Kapper KASK Peeter KaskUrve KaskAndrus Kask KIISA Johannes KiisaMiili KiisaLinda Kiisa KEBA Selma KebaIllar Keba LEHOVA Maria LehovaJaan Lehova LILLEPUU Volli LillepuuAimar Lillepuu LEPPIK Mart LeppikAnn LeppikuAdeele LepikJulius Theodor LeppikMaria LepikAino LepikAugust LepikHelmi Lepik LUHAMETS Elar LuhametsLaura &hellip; <\/p>\n<p class=\"link-more\"><a href=\"https:\/\/teuli.net\/?page_id=9036\" class=\"more-link\">Loe edasi<span class=\"screen-reader-text\"> &#8220;SUGUPUU&#8221;<\/span><\/a><\/p>\n","protected":false},"author":1,"featured_media":0,"parent":0,"menu_order":0,"comment_status":"closed","ping_status":"closed","template":"","meta":{"ngg_post_thumbnail":0,"footnotes":""},"class_list":["post-9036","page","type-page","status-publish","hentry"],"_links":{"self":[{"href":"https:\/\/teuli.net\/index.php?rest_route=\/wp\/v2\/pages\/9036","targetHints":{"allow":["GET"]}}],"collection":[{"href":"https:\/\/teuli.net\/index.php?rest_route=\/wp\/v2\/pages"}],"about":[{"href":"https:\/\/teuli.net\/index.php?rest_route=\/wp\/v2\/types\/page"}],"author":[{"embeddable":true,"href":"https:\/\/teuli.net\/index.php?rest_route=\/wp\/v2\/users\/1"}],"replies":[{"embeddable":true,"href":"https:\/\/teuli.net\/index.php?rest_route=%2Fwp%2Fv2%2Fcomments&post=9036"}],"version-history":[{"count":106,"href":"https:\/\/teuli.net\/index.php?rest_route=\/wp\/v2\/pages\/9036\/revisions"}],"predecessor-version":[{"id":9820,"href":"https:\/\/teuli.net\/index.php?rest_route=\/wp\/v2\/pages\/9036\/revisions\/9820"}],"wp:attachment":[{"href":"https:\/\/teuli.net\/index.php?rest_route=%2Fwp%2Fv2%2Fmedia&parent=9036"}],"curies":[{"name":"wp","href":"https:\/\/api.w.org\/{rel}","templated":true}]}}