{"id":9094,"date":"2023-11-04T10:56:02","date_gmt":"2023-11-04T08:56:02","guid":{"rendered":"https:\/\/teuli.net\/?page_id=9094"},"modified":"2023-11-04T14:52:52","modified_gmt":"2023-11-04T12:52:52","slug":"meelis-teuli","status":"publish","type":"page","link":"https:\/\/teuli.net\/?page_id=9094","title":{"rendered":"Meelis Teuli"},"content":{"rendered":"\n<p>S\u00fcnd: 25.09.1984<br \/>Surm: 25.09.1984 suri hapniku puuduse t\u00f5ttu<br \/>Maetud: <a href=\"https:\/\/www.kalmistud.ee\/haudi?action=hauaplats&amp;filter_hauaplats_hauaplats=zqLg5W6leNw9\" data-type=\"link\" data-id=\"https:\/\/www.kalmistud.ee\/haudi?action=hauaplats&amp;filter_hauaplats_hauaplats=zqLg5W6leNw9\">T\u00f5rma kalmistu, T\u00f5rma, 10. kvartal, 33-11, 2-kohaline kirstuplats<\/a><br \/>Isa: <a href=\"https:\/\/teuli.net\/?page_id=9067\" data-type=\"link\" data-id=\"https:\/\/teuli.net\/?page_id=9067\">Aarne Teuli<\/a><br \/>Ema: <a href=\"https:\/\/teuli.net\/?page_id=9087\" data-type=\"link\" data-id=\"https:\/\/teuli.net\/?page_id=9087\">Imbi Teuli<\/a><\/p>\n\n\n\n<p>Poolvend: <a href=\"https:\/\/teuli.net\/?page_id=9042\" data-type=\"link\" data-id=\"https:\/\/teuli.net\/?page_id=9042\">Uljam Teuli<\/a><br \/>\u00d5de: <a href=\"https:\/\/teuli.net\/?page_id=9091\" data-type=\"link\" data-id=\"https:\/\/teuli.net\/?page_id=9091\">Sirle Teuli<\/a><br \/>\u00d5de: <a href=\"https:\/\/teuli.net\/?page_id=9096\" data-type=\"link\" data-id=\"https:\/\/teuli.net\/?page_id=9096\">Virge Teuli<\/a><\/p>\n","protected":false},"excerpt":{"rendered":"<p>S\u00fcnd: 25.09.1984Surm: 25.09.1984 suri hapniku puuduse t\u00f5ttuMaetud: T\u00f5rma kalmistu, T\u00f5rma, 10. kvartal, 33-11, 2-kohaline kirstuplatsIsa: Aarne TeuliEma: Imbi Teuli Poolvend: Uljam Teuli\u00d5de: Sirle Teuli\u00d5de: Virge Teuli<\/p>\n","protected":false},"author":1,"featured_media":0,"parent":0,"menu_order":0,"comment_status":"closed","ping_status":"closed","template":"","meta":{"ngg_post_thumbnail":0,"footnotes":""},"class_list":["post-9094","page","type-page","status-publish","hentry"],"_links":{"self":[{"href":"https:\/\/teuli.net\/index.php?rest_route=\/wp\/v2\/pages\/9094","targetHints":{"allow":["GET"]}}],"collection":[{"href":"https:\/\/teuli.net\/index.php?rest_route=\/wp\/v2\/pages"}],"about":[{"href":"https:\/\/teuli.net\/index.php?rest_route=\/wp\/v2\/types\/page"}],"author":[{"embeddable":true,"href":"https:\/\/teuli.net\/index.php?rest_route=\/wp\/v2\/users\/1"}],"replies":[{"embeddable":true,"href":"https:\/\/teuli.net\/index.php?rest_route=%2Fwp%2Fv2%2Fcomments&post=9094"}],"version-history":[{"count":3,"href":"https:\/\/teuli.net\/index.php?rest_route=\/wp\/v2\/pages\/9094\/revisions"}],"predecessor-version":[{"id":9308,"href":"https:\/\/teuli.net\/index.php?rest_route=\/wp\/v2\/pages\/9094\/revisions\/9308"}],"wp:attachment":[{"href":"https:\/\/teuli.net\/index.php?rest_route=%2Fwp%2Fv2%2Fmedia&parent=9094"}],"curies":[{"name":"wp","href":"https:\/\/api.w.org\/{rel}","templated":true}]}}