{"id":9109,"date":"2023-11-04T11:12:20","date_gmt":"2023-11-04T09:12:20","guid":{"rendered":"https:\/\/teuli.net\/?page_id=9109"},"modified":"2023-11-04T12:39:46","modified_gmt":"2023-11-04T10:39:46","slug":"ann-leppiku","status":"publish","type":"page","link":"https:\/\/teuli.net\/?page_id=9109","title":{"rendered":"Ann Leppiku"},"content":{"rendered":"\n<p>Abiellus: <a href=\"https:\/\/teuli.net\/?page_id=9114\" data-type=\"link\" data-id=\"https:\/\/teuli.net\/?page_id=9114\">Mart Lepikuga<\/a><br \/>S\u00fcndis t\u00fctar <a href=\"https:\/\/teuli.net\/?page_id=9181\" data-type=\"link\" data-id=\"https:\/\/teuli.net\/?page_id=9181\">Helmi Lepik<\/a><br \/>S\u00fcndis t\u00fctar <a href=\"https:\/\/teuli.net\/?page_id=9183\" data-type=\"link\" data-id=\"https:\/\/teuli.net\/?page_id=9183\">Adeele Lepik<\/a><br \/>S\u00fcndis poeg <a href=\"https:\/\/teuli.net\/?page_id=9185\" data-type=\"link\" data-id=\"https:\/\/teuli.net\/?page_id=9185\">August Lepik<\/a><br \/>11.11.1892 s\u00fcndis poeg <a href=\"https:\/\/teuli.net\/?page_id=9117\" data-type=\"link\" data-id=\"https:\/\/teuli.net\/?page_id=9117\">Julius Theodor Lepik<\/a><\/p>\n","protected":false},"excerpt":{"rendered":"<p>Abiellus: Mart LepikugaS\u00fcndis t\u00fctar Helmi LepikS\u00fcndis t\u00fctar Adeele LepikS\u00fcndis poeg August Lepik11.11.1892 s\u00fcndis poeg Julius Theodor Lepik<\/p>\n","protected":false},"author":1,"featured_media":0,"parent":0,"menu_order":0,"comment_status":"closed","ping_status":"closed","template":"","meta":{"ngg_post_thumbnail":0,"footnotes":""},"class_list":["post-9109","page","type-page","status-publish","hentry"],"_links":{"self":[{"href":"https:\/\/teuli.net\/index.php?rest_route=\/wp\/v2\/pages\/9109","targetHints":{"allow":["GET"]}}],"collection":[{"href":"https:\/\/teuli.net\/index.php?rest_route=\/wp\/v2\/pages"}],"about":[{"href":"https:\/\/teuli.net\/index.php?rest_route=\/wp\/v2\/types\/page"}],"author":[{"embeddable":true,"href":"https:\/\/teuli.net\/index.php?rest_route=\/wp\/v2\/users\/1"}],"replies":[{"embeddable":true,"href":"https:\/\/teuli.net\/index.php?rest_route=%2Fwp%2Fv2%2Fcomments&post=9109"}],"version-history":[{"count":5,"href":"https:\/\/teuli.net\/index.php?rest_route=\/wp\/v2\/pages\/9109\/revisions"}],"predecessor-version":[{"id":9187,"href":"https:\/\/teuli.net\/index.php?rest_route=\/wp\/v2\/pages\/9109\/revisions\/9187"}],"wp:attachment":[{"href":"https:\/\/teuli.net\/index.php?rest_route=%2Fwp%2Fv2%2Fmedia&parent=9109"}],"curies":[{"name":"wp","href":"https:\/\/api.w.org\/{rel}","templated":true}]}}