{"id":9114,"date":"2023-11-04T11:14:37","date_gmt":"2023-11-04T09:14:37","guid":{"rendered":"https:\/\/teuli.net\/?page_id=9114"},"modified":"2023-11-04T12:50:41","modified_gmt":"2023-11-04T10:50:41","slug":"mart-leppik","status":"publish","type":"page","link":"https:\/\/teuli.net\/?page_id=9114","title":{"rendered":"Mart Leppik"},"content":{"rendered":"\n<p>Abiellus <a href=\"https:\/\/teuli.net\/?page_id=9171\" data-type=\"link\" data-id=\"https:\/\/teuli.net\/?page_id=9171\">Ann Tuulikuga<\/a><br \/>S\u00fcndis t\u00fctar <a href=\"https:\/\/teuli.net\/?page_id=9181\" data-type=\"link\" data-id=\"https:\/\/teuli.net\/?page_id=9181\">Helmi Lepik<\/a><br \/>S\u00fcndis t\u00fctar <a href=\"https:\/\/teuli.net\/?page_id=9183\" data-type=\"link\" data-id=\"https:\/\/teuli.net\/?page_id=9183\">Adeele Lepik<\/a><br \/>S\u00fcndis poeg <a href=\"https:\/\/teuli.net\/?page_id=9185\" data-type=\"link\" data-id=\"https:\/\/teuli.net\/?page_id=9185\">August Lepik<\/a><br \/>11.11.1892 s\u00fcndis poeg <a href=\"https:\/\/teuli.net\/?page_id=9117\" data-type=\"link\" data-id=\"https:\/\/teuli.net\/?page_id=9117\">Julius Theodor Leppik<\/a><\/p>\n","protected":false},"excerpt":{"rendered":"<p>Abiellus Ann TuulikugaS\u00fcndis t\u00fctar Helmi LepikS\u00fcndis t\u00fctar Adeele LepikS\u00fcndis poeg August Lepik11.11.1892 s\u00fcndis poeg Julius Theodor Leppik<\/p>\n","protected":false},"author":1,"featured_media":0,"parent":0,"menu_order":0,"comment_status":"closed","ping_status":"closed","template":"","meta":{"ngg_post_thumbnail":0,"footnotes":""},"class_list":["post-9114","page","type-page","status-publish","hentry"],"_links":{"self":[{"href":"https:\/\/teuli.net\/index.php?rest_route=\/wp\/v2\/pages\/9114","targetHints":{"allow":["GET"]}}],"collection":[{"href":"https:\/\/teuli.net\/index.php?rest_route=\/wp\/v2\/pages"}],"about":[{"href":"https:\/\/teuli.net\/index.php?rest_route=\/wp\/v2\/types\/page"}],"author":[{"embeddable":true,"href":"https:\/\/teuli.net\/index.php?rest_route=\/wp\/v2\/users\/1"}],"replies":[{"embeddable":true,"href":"https:\/\/teuli.net\/index.php?rest_route=%2Fwp%2Fv2%2Fcomments&post=9114"}],"version-history":[{"count":4,"href":"https:\/\/teuli.net\/index.php?rest_route=\/wp\/v2\/pages\/9114\/revisions"}],"predecessor-version":[{"id":9198,"href":"https:\/\/teuli.net\/index.php?rest_route=\/wp\/v2\/pages\/9114\/revisions\/9198"}],"wp:attachment":[{"href":"https:\/\/teuli.net\/index.php?rest_route=%2Fwp%2Fv2%2Fmedia&parent=9114"}],"curies":[{"name":"wp","href":"https:\/\/api.w.org\/{rel}","templated":true}]}}