{"id":9129,"date":"2023-11-04T11:32:52","date_gmt":"2023-11-04T09:32:52","guid":{"rendered":"https:\/\/teuli.net\/?page_id=9129"},"modified":"2023-11-04T12:05:28","modified_gmt":"2023-11-04T10:05:28","slug":"ann-kubarsepp","status":"publish","type":"page","link":"https:\/\/teuli.net\/?page_id=9129","title":{"rendered":"Ann K\u00fcbarsepp"},"content":{"rendered":"\n<p>Abielu <a href=\"https:\/\/teuli.net\/?page_id=9132\" data-type=\"link\" data-id=\"https:\/\/teuli.net\/?page_id=9132\">Jaagup K\u00fcbarsepaga<\/a><br \/>Poja <a href=\"https:\/\/teuli.net\/?page_id=9135\" data-type=\"link\" data-id=\"https:\/\/teuli.net\/?page_id=9135\">Juhan K\u00fcbarsepa<\/a> s\u00fcnd<br \/>Poja <a href=\"https:\/\/teuli.net\/?page_id=9137\" data-type=\"link\" data-id=\"https:\/\/teuli.net\/?page_id=9137\">Aleksei K\u00fcbarsepa<\/a> s\u00fcnd<br \/>Poja <a href=\"https:\/\/teuli.net\/?page_id=9140\" data-type=\"link\" data-id=\"https:\/\/teuli.net\/?page_id=9140\">August K\u00fcbarsepa<\/a> s\u00fcnd<br \/>21.12.1909 t\u00fctre <a href=\"https:\/\/teuli.net\/?page_id=9120\" data-type=\"link\" data-id=\"https:\/\/teuli.net\/?page_id=9120\">Maria K\u00fcbarsepa<\/a> s\u00fcnd<\/p>\n","protected":false},"excerpt":{"rendered":"<p>Abielu Jaagup K\u00fcbarsepagaPoja Juhan K\u00fcbarsepa s\u00fcndPoja Aleksei K\u00fcbarsepa s\u00fcndPoja August K\u00fcbarsepa s\u00fcnd21.12.1909 t\u00fctre Maria K\u00fcbarsepa s\u00fcnd<\/p>\n","protected":false},"author":1,"featured_media":0,"parent":0,"menu_order":0,"comment_status":"closed","ping_status":"closed","template":"","meta":{"ngg_post_thumbnail":0,"footnotes":""},"class_list":["post-9129","page","type-page","status-publish","hentry"],"_links":{"self":[{"href":"https:\/\/teuli.net\/index.php?rest_route=\/wp\/v2\/pages\/9129","targetHints":{"allow":["GET"]}}],"collection":[{"href":"https:\/\/teuli.net\/index.php?rest_route=\/wp\/v2\/pages"}],"about":[{"href":"https:\/\/teuli.net\/index.php?rest_route=\/wp\/v2\/types\/page"}],"author":[{"embeddable":true,"href":"https:\/\/teuli.net\/index.php?rest_route=\/wp\/v2\/users\/1"}],"replies":[{"embeddable":true,"href":"https:\/\/teuli.net\/index.php?rest_route=%2Fwp%2Fv2%2Fcomments&post=9129"}],"version-history":[{"count":2,"href":"https:\/\/teuli.net\/index.php?rest_route=\/wp\/v2\/pages\/9129\/revisions"}],"predecessor-version":[{"id":9156,"href":"https:\/\/teuli.net\/index.php?rest_route=\/wp\/v2\/pages\/9129\/revisions\/9156"}],"wp:attachment":[{"href":"https:\/\/teuli.net\/index.php?rest_route=%2Fwp%2Fv2%2Fmedia&parent=9129"}],"curies":[{"name":"wp","href":"https:\/\/api.w.org\/{rel}","templated":true}]}}