{"id":9132,"date":"2023-11-04T11:37:24","date_gmt":"2023-11-04T09:37:24","guid":{"rendered":"https:\/\/teuli.net\/?page_id=9132"},"modified":"2023-11-04T12:09:33","modified_gmt":"2023-11-04T10:09:33","slug":"jaagup-kubarsepp","status":"publish","type":"page","link":"https:\/\/teuli.net\/?page_id=9132","title":{"rendered":"Jaagup K\u00fcbarsepp"},"content":{"rendered":"\n<p>Abiellus <a href=\"https:\/\/teuli.net\/?page_id=9129\" data-type=\"link\" data-id=\"https:\/\/teuli.net\/?page_id=9129\">Anniga<\/a> (s\u00fcnninimi ei ole teada)<br \/>S\u00fcndis poeg <a href=\"https:\/\/teuli.net\/?page_id=9135\" data-type=\"link\" data-id=\"https:\/\/teuli.net\/?page_id=9135\">Juhan K\u00fcbarsepp<\/a><br \/>S\u00fcndis poeg <a href=\"https:\/\/teuli.net\/?page_id=9137\" data-type=\"link\" data-id=\"https:\/\/teuli.net\/?page_id=9137\">Aleksei K\u00fcbarsepp<\/a><br \/>S\u00fcndis poeg <a href=\"https:\/\/teuli.net\/?page_id=9140\" data-type=\"link\" data-id=\"https:\/\/teuli.net\/?page_id=9140\">August K\u00fcbarsepp<\/a><br \/>S\u00fcndis t\u00fctar <a href=\"https:\/\/teuli.net\/?page_id=9120\" data-type=\"link\" data-id=\"https:\/\/teuli.net\/?page_id=9120\">Maria K\u00fcbarsepp<\/a><\/p>\n","protected":false},"excerpt":{"rendered":"<p>Abiellus Anniga (s\u00fcnninimi ei ole teada)S\u00fcndis poeg Juhan K\u00fcbarseppS\u00fcndis poeg Aleksei K\u00fcbarseppS\u00fcndis poeg August K\u00fcbarseppS\u00fcndis t\u00fctar Maria K\u00fcbarsepp<\/p>\n","protected":false},"author":1,"featured_media":0,"parent":0,"menu_order":0,"comment_status":"closed","ping_status":"closed","template":"","meta":{"ngg_post_thumbnail":0,"footnotes":""},"class_list":["post-9132","page","type-page","status-publish","hentry"],"_links":{"self":[{"href":"https:\/\/teuli.net\/index.php?rest_route=\/wp\/v2\/pages\/9132","targetHints":{"allow":["GET"]}}],"collection":[{"href":"https:\/\/teuli.net\/index.php?rest_route=\/wp\/v2\/pages"}],"about":[{"href":"https:\/\/teuli.net\/index.php?rest_route=\/wp\/v2\/types\/page"}],"author":[{"embeddable":true,"href":"https:\/\/teuli.net\/index.php?rest_route=\/wp\/v2\/users\/1"}],"replies":[{"embeddable":true,"href":"https:\/\/teuli.net\/index.php?rest_route=%2Fwp%2Fv2%2Fcomments&post=9132"}],"version-history":[{"count":3,"href":"https:\/\/teuli.net\/index.php?rest_route=\/wp\/v2\/pages\/9132\/revisions"}],"predecessor-version":[{"id":9159,"href":"https:\/\/teuli.net\/index.php?rest_route=\/wp\/v2\/pages\/9132\/revisions\/9159"}],"wp:attachment":[{"href":"https:\/\/teuli.net\/index.php?rest_route=%2Fwp%2Fv2%2Fmedia&parent=9132"}],"curies":[{"name":"wp","href":"https:\/\/api.w.org\/{rel}","templated":true}]}}