{"id":9162,"date":"2023-11-04T12:20:14","date_gmt":"2023-11-04T10:20:14","guid":{"rendered":"https:\/\/teuli.net\/?page_id=9162"},"modified":"2023-11-04T12:20:15","modified_gmt":"2023-11-04T10:20:15","slug":"aino-lepik","status":"publish","type":"page","link":"https:\/\/teuli.net\/?page_id=9162","title":{"rendered":"Aino Lepik"},"content":{"rendered":"\n<p>S\u00fcnd: 02.07.1932 L\u00e4\u00e4ne-Virumaa<br \/>Isa: <a href=\"https:\/\/teuli.net\/?page_id=9117\" data-type=\"link\" data-id=\"https:\/\/teuli.net\/?page_id=9117\">Julius Theodor Lepik<\/a><br \/>Ema: <a href=\"https:\/\/teuli.net\/?page_id=9163\" data-type=\"link\" data-id=\"https:\/\/teuli.net\/?page_id=9163\">Maria Lepik<\/a><br \/>Abiellus: 21.01.1956 Jaan Teuliga<\/p>\n","protected":false},"excerpt":{"rendered":"<p>S\u00fcnd: 02.07.1932 L\u00e4\u00e4ne-VirumaaIsa: Julius Theodor LepikEma: Maria LepikAbiellus: 21.01.1956 Jaan Teuliga<\/p>\n","protected":false},"author":1,"featured_media":0,"parent":0,"menu_order":0,"comment_status":"closed","ping_status":"closed","template":"","meta":{"ngg_post_thumbnail":0,"footnotes":""},"class_list":["post-9162","page","type-page","status-publish","hentry"],"_links":{"self":[{"href":"https:\/\/teuli.net\/index.php?rest_route=\/wp\/v2\/pages\/9162","targetHints":{"allow":["GET"]}}],"collection":[{"href":"https:\/\/teuli.net\/index.php?rest_route=\/wp\/v2\/pages"}],"about":[{"href":"https:\/\/teuli.net\/index.php?rest_route=\/wp\/v2\/types\/page"}],"author":[{"embeddable":true,"href":"https:\/\/teuli.net\/index.php?rest_route=\/wp\/v2\/users\/1"}],"replies":[{"embeddable":true,"href":"https:\/\/teuli.net\/index.php?rest_route=%2Fwp%2Fv2%2Fcomments&post=9162"}],"version-history":[{"count":1,"href":"https:\/\/teuli.net\/index.php?rest_route=\/wp\/v2\/pages\/9162\/revisions"}],"predecessor-version":[{"id":9165,"href":"https:\/\/teuli.net\/index.php?rest_route=\/wp\/v2\/pages\/9162\/revisions\/9165"}],"wp:attachment":[{"href":"https:\/\/teuli.net\/index.php?rest_route=%2Fwp%2Fv2%2Fmedia&parent=9162"}],"curies":[{"name":"wp","href":"https:\/\/api.w.org\/{rel}","templated":true}]}}