{"id":9203,"date":"2023-11-04T12:57:55","date_gmt":"2023-11-04T10:57:55","guid":{"rendered":"https:\/\/teuli.net\/?page_id=9203"},"modified":"2023-11-04T12:57:55","modified_gmt":"2023-11-04T10:57:55","slug":"aino-teuli","status":"publish","type":"page","link":"https:\/\/teuli.net\/?page_id=9203","title":{"rendered":"Aino Teuli"},"content":{"rendered":"\n<p>S\u00fcnd: 02.07.1932<br \/>Surm: 29.10.1015<br \/>Isa: Julius Theodor Leppik<br \/>Ema: Maria Lepik<br \/>25.01.1953 s\u00fcndis poeg Aarne Teuli<br \/>21.01.1956 abiellus Jaan Teuliga<br \/>16.02.1957 s\u00fcndis t\u00fctar Anne Teuli<br \/>07.05.1977 abiellus poeg Aarne Teuli Imbi Nurmega<br \/>04.05.1988 suri abikaasa Jaan Teuli<\/p>\n","protected":false},"excerpt":{"rendered":"<p>S\u00fcnd: 02.07.1932Surm: 29.10.1015Isa: Julius Theodor LeppikEma: Maria Lepik25.01.1953 s\u00fcndis poeg Aarne Teuli21.01.1956 abiellus Jaan Teuliga16.02.1957 s\u00fcndis t\u00fctar Anne Teuli07.05.1977 abiellus poeg Aarne Teuli Imbi Nurmega04.05.1988 suri abikaasa Jaan Teuli<\/p>\n","protected":false},"author":1,"featured_media":0,"parent":0,"menu_order":0,"comment_status":"closed","ping_status":"closed","template":"","meta":{"ngg_post_thumbnail":0,"footnotes":""},"class_list":["post-9203","page","type-page","status-publish","hentry"],"_links":{"self":[{"href":"https:\/\/teuli.net\/index.php?rest_route=\/wp\/v2\/pages\/9203","targetHints":{"allow":["GET"]}}],"collection":[{"href":"https:\/\/teuli.net\/index.php?rest_route=\/wp\/v2\/pages"}],"about":[{"href":"https:\/\/teuli.net\/index.php?rest_route=\/wp\/v2\/types\/page"}],"author":[{"embeddable":true,"href":"https:\/\/teuli.net\/index.php?rest_route=\/wp\/v2\/users\/1"}],"replies":[{"embeddable":true,"href":"https:\/\/teuli.net\/index.php?rest_route=%2Fwp%2Fv2%2Fcomments&post=9203"}],"version-history":[{"count":1,"href":"https:\/\/teuli.net\/index.php?rest_route=\/wp\/v2\/pages\/9203\/revisions"}],"predecessor-version":[{"id":9204,"href":"https:\/\/teuli.net\/index.php?rest_route=\/wp\/v2\/pages\/9203\/revisions\/9204"}],"wp:attachment":[{"href":"https:\/\/teuli.net\/index.php?rest_route=%2Fwp%2Fv2%2Fmedia&parent=9203"}],"curies":[{"name":"wp","href":"https:\/\/api.w.org\/{rel}","templated":true}]}}