{"id":9250,"date":"2023-11-04T13:57:17","date_gmt":"2023-11-04T11:57:17","guid":{"rendered":"https:\/\/teuli.net\/?page_id=9250"},"modified":"2023-11-04T14:04:43","modified_gmt":"2023-11-04T12:04:43","slug":"salma-nurme","status":"publish","type":"page","link":"https:\/\/teuli.net\/?page_id=9250","title":{"rendered":"Salma Nurme"},"content":{"rendered":"\n<p>S\u00fcnd: 29.10.1922<br \/>Surm: 15.05.1988 <a href=\"https:\/\/www.kalmistud.ee\/haudi?action=hauaplats&amp;filter_hauaplats_hauaplats=V0zg4KXZRaM7\" data-type=\"link\" data-id=\"https:\/\/www.kalmistud.ee\/haudi?action=hauaplats&amp;filter_hauaplats_hauaplats=V0zg4KXZRaM7\">Viru-Jaagupi kalmistu, 6, N, 420, 8-kohaline kirstuplats<\/a><\/p>\n\n\n\n<p><br \/>17.09.1947 s\u00fcndis poeg <a href=\"https:\/\/teuli.net\/?page_id=9254\" data-type=\"link\" data-id=\"https:\/\/teuli.net\/?page_id=9254\">Illar Keba<\/a><br \/>Abiellus Karl Nurmega<br \/>03.02.1954 s\u00fcndis t\u00fctar <a href=\"https:\/\/teuli.net\/?page_id=9238\" data-type=\"link\" data-id=\"https:\/\/teuli.net\/?page_id=9238\">Imbi Nurme<\/a><br \/>06.02.1956 s\u00fcndis t\u00fctar Ille Nurme<br \/>28.10.1961 s\u00fcndis t\u00fctar Ivike Nurme<\/p>\n","protected":false},"excerpt":{"rendered":"<p>S\u00fcnd: 29.10.1922Surm: 15.05.1988 Viru-Jaagupi kalmistu, 6, N, 420, 8-kohaline kirstuplats 17.09.1947 s\u00fcndis poeg Illar KebaAbiellus Karl Nurmega03.02.1954 s\u00fcndis t\u00fctar Imbi Nurme06.02.1956 s\u00fcndis t\u00fctar Ille Nurme28.10.1961 s\u00fcndis t\u00fctar Ivike Nurme<\/p>\n","protected":false},"author":1,"featured_media":0,"parent":0,"menu_order":0,"comment_status":"closed","ping_status":"closed","template":"","meta":{"ngg_post_thumbnail":0,"footnotes":""},"class_list":["post-9250","page","type-page","status-publish","hentry"],"_links":{"self":[{"href":"https:\/\/teuli.net\/index.php?rest_route=\/wp\/v2\/pages\/9250","targetHints":{"allow":["GET"]}}],"collection":[{"href":"https:\/\/teuli.net\/index.php?rest_route=\/wp\/v2\/pages"}],"about":[{"href":"https:\/\/teuli.net\/index.php?rest_route=\/wp\/v2\/types\/page"}],"author":[{"embeddable":true,"href":"https:\/\/teuli.net\/index.php?rest_route=\/wp\/v2\/users\/1"}],"replies":[{"embeddable":true,"href":"https:\/\/teuli.net\/index.php?rest_route=%2Fwp%2Fv2%2Fcomments&post=9250"}],"version-history":[{"count":5,"href":"https:\/\/teuli.net\/index.php?rest_route=\/wp\/v2\/pages\/9250\/revisions"}],"predecessor-version":[{"id":9262,"href":"https:\/\/teuli.net\/index.php?rest_route=\/wp\/v2\/pages\/9250\/revisions\/9262"}],"wp:attachment":[{"href":"https:\/\/teuli.net\/index.php?rest_route=%2Fwp%2Fv2%2Fmedia&parent=9250"}],"curies":[{"name":"wp","href":"https:\/\/api.w.org\/{rel}","templated":true}]}}