{"id":9276,"date":"2023-11-04T14:18:40","date_gmt":"2023-11-04T12:18:40","guid":{"rendered":"https:\/\/teuli.net\/?page_id=9276"},"modified":"2023-11-04T14:21:49","modified_gmt":"2023-11-04T12:21:49","slug":"ago-sade","status":"publish","type":"page","link":"https:\/\/teuli.net\/?page_id=9276","title":{"rendered":"Ago S\u00e4de"},"content":{"rendered":"\n<p>S\u00fcnd: 28.01.1956<br \/>Surm: 17.04.2020<\/p>\n\n\n\n<p>Abiellus <a href=\"https:\/\/teuli.net\/?page_id=9264\" data-type=\"link\" data-id=\"https:\/\/teuli.net\/?page_id=9264\">Ille Nurmega<\/a><br \/>21.09 s\u00fcndis poeg Margo S\u00e4de<\/p>\n","protected":false},"excerpt":{"rendered":"<p>S\u00fcnd: 28.01.1956Surm: 17.04.2020 Abiellus Ille Nurmega21.09 s\u00fcndis poeg Margo S\u00e4de<\/p>\n","protected":false},"author":1,"featured_media":0,"parent":0,"menu_order":0,"comment_status":"closed","ping_status":"closed","template":"","meta":{"ngg_post_thumbnail":0,"footnotes":""},"class_list":["post-9276","page","type-page","status-publish","hentry"],"_links":{"self":[{"href":"https:\/\/teuli.net\/index.php?rest_route=\/wp\/v2\/pages\/9276","targetHints":{"allow":["GET"]}}],"collection":[{"href":"https:\/\/teuli.net\/index.php?rest_route=\/wp\/v2\/pages"}],"about":[{"href":"https:\/\/teuli.net\/index.php?rest_route=\/wp\/v2\/types\/page"}],"author":[{"embeddable":true,"href":"https:\/\/teuli.net\/index.php?rest_route=\/wp\/v2\/users\/1"}],"replies":[{"embeddable":true,"href":"https:\/\/teuli.net\/index.php?rest_route=%2Fwp%2Fv2%2Fcomments&post=9276"}],"version-history":[{"count":3,"href":"https:\/\/teuli.net\/index.php?rest_route=\/wp\/v2\/pages\/9276\/revisions"}],"predecessor-version":[{"id":9281,"href":"https:\/\/teuli.net\/index.php?rest_route=\/wp\/v2\/pages\/9276\/revisions\/9281"}],"wp:attachment":[{"href":"https:\/\/teuli.net\/index.php?rest_route=%2Fwp%2Fv2%2Fmedia&parent=9276"}],"curies":[{"name":"wp","href":"https:\/\/api.w.org\/{rel}","templated":true}]}}