{"id":9288,"date":"2023-11-04T14:35:22","date_gmt":"2023-11-04T12:35:22","guid":{"rendered":"https:\/\/teuli.net\/?page_id=9288"},"modified":"2023-11-04T14:35:22","modified_gmt":"2023-11-04T12:35:22","slug":"hilja-mumma","status":"publish","type":"page","link":"https:\/\/teuli.net\/?page_id=9288","title":{"rendered":"Hilja Mumma"},"content":{"rendered":"\n<p>S\u00fcnd: 19.04.1929<br \/>Surm: 10.11.2004 (75)<br \/>Maetud: <a href=\"https:\/\/www.kalmistud.ee\/haudi?action=hauaplats&amp;filter_hauaplats_hauaplats=46BNMW5megEj\" data-type=\"link\" data-id=\"https:\/\/www.kalmistud.ee\/haudi?action=hauaplats&amp;filter_hauaplats_hauaplats=46BNMW5megEj\">Tamsalu, \u00dcldosa, 2. kvartal, 440, 4-kohaline kirstuplats<\/a><\/p>\n\n\n\n<p>Samale platsile on maetud: <br \/>Ervin Mumma 24.08.1932-07.06.1982 (49)<br \/>Ervin Mumma 03.05.1959-15.10.1977 (18)<br \/>Uno Mumma 07.09.1962-22.12.1977 (15)<br \/><\/p>\n\n\n\n<p>T\u00fctre Silvi Kiigem\u00e4e s\u00fcnd<\/p>\n","protected":false},"excerpt":{"rendered":"<p>S\u00fcnd: 19.04.1929Surm: 10.11.2004 (75)Maetud: Tamsalu, \u00dcldosa, 2. kvartal, 440, 4-kohaline kirstuplats Samale platsile on maetud: Ervin Mumma 24.08.1932-07.06.1982 (49)Ervin Mumma 03.05.1959-15.10.1977 (18)Uno Mumma 07.09.1962-22.12.1977 (15) T\u00fctre Silvi Kiigem\u00e4e s\u00fcnd<\/p>\n","protected":false},"author":1,"featured_media":0,"parent":0,"menu_order":0,"comment_status":"closed","ping_status":"closed","template":"","meta":{"ngg_post_thumbnail":0,"footnotes":""},"class_list":["post-9288","page","type-page","status-publish","hentry"],"_links":{"self":[{"href":"https:\/\/teuli.net\/index.php?rest_route=\/wp\/v2\/pages\/9288","targetHints":{"allow":["GET"]}}],"collection":[{"href":"https:\/\/teuli.net\/index.php?rest_route=\/wp\/v2\/pages"}],"about":[{"href":"https:\/\/teuli.net\/index.php?rest_route=\/wp\/v2\/types\/page"}],"author":[{"embeddable":true,"href":"https:\/\/teuli.net\/index.php?rest_route=\/wp\/v2\/users\/1"}],"replies":[{"embeddable":true,"href":"https:\/\/teuli.net\/index.php?rest_route=%2Fwp%2Fv2%2Fcomments&post=9288"}],"version-history":[{"count":1,"href":"https:\/\/teuli.net\/index.php?rest_route=\/wp\/v2\/pages\/9288\/revisions"}],"predecessor-version":[{"id":9289,"href":"https:\/\/teuli.net\/index.php?rest_route=\/wp\/v2\/pages\/9288\/revisions\/9289"}],"wp:attachment":[{"href":"https:\/\/teuli.net\/index.php?rest_route=%2Fwp%2Fv2%2Fmedia&parent=9288"}],"curies":[{"name":"wp","href":"https:\/\/api.w.org\/{rel}","templated":true}]}}