{"id":9369,"date":"2023-11-04T15:48:46","date_gmt":"2023-11-04T13:48:46","guid":{"rendered":"https:\/\/teuli.net\/?page_id=9369"},"modified":"2023-11-05T14:20:33","modified_gmt":"2023-11-05T12:20:33","slug":"leopold-murelik","status":"publish","type":"page","link":"https:\/\/teuli.net\/?page_id=9369","title":{"rendered":"Leopold Murelik"},"content":{"rendered":"\n<p>S\u00fcnd: 18.09.1897<br \/>Surm: 28.02.1927 (29) (Surmaaeg ja p\u00f5hjus vajab t\u00e4psustamist)<br \/>Maetud: <a href=\"https:\/\/www.kalmistud.ee\/haudi?action=hauaplats&amp;filter_hauaplats_hauaplats=My1NoA87Lgd0\" data-type=\"link\" data-id=\"https:\/\/www.kalmistud.ee\/haudi?action=hauaplats&amp;filter_hauaplats_hauaplats=My1NoA87Lgd0\">Sinin\u00f5mme, Sinin\u00f5mme, 5, 630, 4-kohaline kirstuplats<\/a><\/p>\n\n\n\n<p>Isa: <a href=\"https:\/\/teuli.net\/?page_id=9362\" data-type=\"link\" data-id=\"https:\/\/teuli.net\/?page_id=9362\">Karl Murelik<\/a><br \/>Ema: <a href=\"https:\/\/teuli.net\/?page_id=9364\" data-type=\"link\" data-id=\"https:\/\/teuli.net\/?page_id=9364\">Mari Murelik<\/a><\/p>\n\n\n\n<p>15.08.1920 abiellus Agate Melanie Lillepaega<\/p>\n\n\n\n<div data-wp-interactive=\"core\/file\" class=\"wp-block-file\"><object data-wp-bind--hidden=\"!state.hasPdfPreview\" hidden class=\"wp-block-file__embed\" data=\"https:\/\/teuli.net\/wp-content\/uploads\/2023\/11\/Leopold-Murrelik.pdf\" type=\"application\/pdf\" style=\"width:100%;height:600px\" aria-label=\"Lisa Sissekanne kirikuraamatus laulatuse kohta.\"><\/object><a id=\"wp-block-file--media-2a6cd9ac-aae0-41ea-b173-f19f44e6abae\" href=\"https:\/\/teuli.net\/wp-content\/uploads\/2023\/11\/Leopold-Murrelik.pdf\">Sissekanne kirikuraamatus laulatuse kohta<\/a><a href=\"https:\/\/teuli.net\/wp-content\/uploads\/2023\/11\/Leopold-Murrelik.pdf\" class=\"wp-block-file__button wp-element-button\" download aria-describedby=\"wp-block-file--media-2a6cd9ac-aae0-41ea-b173-f19f44e6abae\">Download<\/a><\/div>\n\n\n\n<p><br \/>03.08.1921 s\u00fcndis poeg Valter Murelik<\/p>\n\n\n\n<figure class=\"wp-block-image size-full is-resized\"><img loading=\"lazy\" decoding=\"async\" width=\"534\" height=\"825\" src=\"https:\/\/teuli.net\/wp-content\/uploads\/2023\/11\/EFA.706.A.638.9.jpg\" alt=\"\" class=\"wp-image-9624\" style=\"aspect-ratio:0.6472727272727272;width:673px;height:auto\" srcset=\"https:\/\/teuli.net\/wp-content\/uploads\/2023\/11\/EFA.706.A.638.9.jpg 534w, https:\/\/teuli.net\/wp-content\/uploads\/2023\/11\/EFA.706.A.638.9-194x300.jpg 194w, https:\/\/teuli.net\/wp-content\/uploads\/2023\/11\/EFA.706.A.638.9-97x150.jpg 97w\" sizes=\"auto, (max-width: 534px) 100vw, 534px\" \/><figcaption class=\"wp-element-caption\">Endiste Eesti Politseiametnike Kogu Rootsis. Pildialbum Eesti Vabariigi politseiametnike ja politsei tegevusest Eestis. Konstaabel Leopold Murelik ja tema 4 aastane poeg Valter. <\/figcaption><\/figure>\n\n\n\n<figure class=\"wp-block-image size-full\"><img loading=\"lazy\" decoding=\"async\" width=\"1564\" height=\"2560\" src=\"https:\/\/teuli.net\/wp-content\/uploads\/2023\/11\/era0031_003_0015680_00001_t-scaled.jpg\" alt=\"\" class=\"wp-image-9375\" srcset=\"https:\/\/teuli.net\/wp-content\/uploads\/2023\/11\/era0031_003_0015680_00001_t-scaled.jpg 1564w, https:\/\/teuli.net\/wp-content\/uploads\/2023\/11\/era0031_003_0015680_00001_t-183x300.jpg 183w, https:\/\/teuli.net\/wp-content\/uploads\/2023\/11\/era0031_003_0015680_00001_t-92x150.jpg 92w, https:\/\/teuli.net\/wp-content\/uploads\/2023\/11\/era0031_003_0015680_00001_t-768x1257.jpg 768w, https:\/\/teuli.net\/wp-content\/uploads\/2023\/11\/era0031_003_0015680_00001_t-938x1536.jpg 938w, https:\/\/teuli.net\/wp-content\/uploads\/2023\/11\/era0031_003_0015680_00001_t-1251x2048.jpg 1251w\" sizes=\"auto, (max-width: 767px) 89vw, (max-width: 1000px) 54vw, (max-width: 1071px) 543px, 580px\" \/><\/figure>\n\n\n\n<figure class=\"wp-block-image size-full\"><img loading=\"lazy\" decoding=\"async\" width=\"2560\" height=\"2095\" src=\"https:\/\/teuli.net\/wp-content\/uploads\/2023\/11\/era0031_003_0015680_00002_t-scaled.jpg\" alt=\"\" class=\"wp-image-9377\" srcset=\"https:\/\/teuli.net\/wp-content\/uploads\/2023\/11\/era0031_003_0015680_00002_t-scaled.jpg 2560w, https:\/\/teuli.net\/wp-content\/uploads\/2023\/11\/era0031_003_0015680_00002_t-300x246.jpg 300w, https:\/\/teuli.net\/wp-content\/uploads\/2023\/11\/era0031_003_0015680_00002_t-150x123.jpg 150w, https:\/\/teuli.net\/wp-content\/uploads\/2023\/11\/era0031_003_0015680_00002_t-768x628.jpg 768w, https:\/\/teuli.net\/wp-content\/uploads\/2023\/11\/era0031_003_0015680_00002_t-1536x1257.jpg 1536w, https:\/\/teuli.net\/wp-content\/uploads\/2023\/11\/era0031_003_0015680_00002_t-2048x1676.jpg 2048w\" sizes=\"auto, (max-width: 767px) 89vw, (max-width: 1000px) 54vw, (max-width: 1071px) 543px, 580px\" \/><\/figure>\n\n\n\n<figure class=\"wp-block-image size-full\"><img loading=\"lazy\" decoding=\"async\" width=\"2560\" height=\"2082\" src=\"https:\/\/teuli.net\/wp-content\/uploads\/2023\/11\/era0031_003_0015680_00003_t-scaled.jpg\" alt=\"\" class=\"wp-image-9378\" srcset=\"https:\/\/teuli.net\/wp-content\/uploads\/2023\/11\/era0031_003_0015680_00003_t-scaled.jpg 2560w, https:\/\/teuli.net\/wp-content\/uploads\/2023\/11\/era0031_003_0015680_00003_t-300x244.jpg 300w, https:\/\/teuli.net\/wp-content\/uploads\/2023\/11\/era0031_003_0015680_00003_t-150x122.jpg 150w, https:\/\/teuli.net\/wp-content\/uploads\/2023\/11\/era0031_003_0015680_00003_t-768x625.jpg 768w, https:\/\/teuli.net\/wp-content\/uploads\/2023\/11\/era0031_003_0015680_00003_t-1536x1249.jpg 1536w, https:\/\/teuli.net\/wp-content\/uploads\/2023\/11\/era0031_003_0015680_00003_t-2048x1666.jpg 2048w\" sizes=\"auto, (max-width: 767px) 89vw, (max-width: 1000px) 54vw, (max-width: 1071px) 543px, 580px\" \/><\/figure>\n\n\n\n<p><a href=\"https:\/\/ais.ra.ee\/et\/description-unit\/view?id=110100366062\">https:\/\/ais.ra.ee\/et\/description-unit\/view?id=110100366062<\/a> Vaja otsida \u00fcles tellitud paberid<\/p>\n","protected":false},"excerpt":{"rendered":"<p>S\u00fcnd: 18.09.1897Surm: 28.02.1927 (29) (Surmaaeg ja p\u00f5hjus vajab t\u00e4psustamist)Maetud: Sinin\u00f5mme, Sinin\u00f5mme, 5, 630, 4-kohaline kirstuplats Isa: Karl MurelikEma: Mari Murelik 15.08.1920 abiellus Agate Melanie Lillepaega 03.08.1921 s\u00fcndis poeg Valter Murelik https:\/\/ais.ra.ee\/et\/description-unit\/view?id=110100366062 Vaja otsida \u00fcles tellitud paberid<\/p>\n","protected":false},"author":1,"featured_media":0,"parent":0,"menu_order":0,"comment_status":"closed","ping_status":"closed","template":"","meta":{"ngg_post_thumbnail":0,"footnotes":""},"class_list":["post-9369","page","type-page","status-publish","hentry"],"_links":{"self":[{"href":"https:\/\/teuli.net\/index.php?rest_route=\/wp\/v2\/pages\/9369","targetHints":{"allow":["GET"]}}],"collection":[{"href":"https:\/\/teuli.net\/index.php?rest_route=\/wp\/v2\/pages"}],"about":[{"href":"https:\/\/teuli.net\/index.php?rest_route=\/wp\/v2\/types\/page"}],"author":[{"embeddable":true,"href":"https:\/\/teuli.net\/index.php?rest_route=\/wp\/v2\/users\/1"}],"replies":[{"embeddable":true,"href":"https:\/\/teuli.net\/index.php?rest_route=%2Fwp%2Fv2%2Fcomments&post=9369"}],"version-history":[{"count":10,"href":"https:\/\/teuli.net\/index.php?rest_route=\/wp\/v2\/pages\/9369\/revisions"}],"predecessor-version":[{"id":9662,"href":"https:\/\/teuli.net\/index.php?rest_route=\/wp\/v2\/pages\/9369\/revisions\/9662"}],"wp:attachment":[{"href":"https:\/\/teuli.net\/index.php?rest_route=%2Fwp%2Fv2%2Fmedia&parent=9369"}],"curies":[{"name":"wp","href":"https:\/\/api.w.org\/{rel}","templated":true}]}}