{"id":9408,"date":"2023-11-04T16:20:37","date_gmt":"2023-11-04T14:20:37","guid":{"rendered":"https:\/\/teuli.net\/?page_id=9408"},"modified":"2023-11-04T16:36:58","modified_gmt":"2023-11-04T14:36:58","slug":"anton-miit","status":"publish","type":"page","link":"https:\/\/teuli.net\/?page_id=9408","title":{"rendered":"Anton Miir"},"content":{"rendered":"\n<p>S\u00fcnd: teadmata<br \/>Surm: 18.10.1950<br \/>Maetud: <a href=\"https:\/\/www.kalmistud.ee\/haudi?action=hauaplats&amp;filter_hauaplats_hauaplats=P4xrd1L8BNlJ\" data-type=\"link\" data-id=\"https:\/\/www.kalmistud.ee\/haudi?action=hauaplats&amp;filter_hauaplats_hauaplats=P4xrd1L8BNlJ\">T\u00f5rma kalmistu, T\u00f5rma, 3. kvartal, 5.1-29, 4-kohaline kirstuplats<\/a><\/p>\n\n\n\n<p>Isa: <a href=\"https:\/\/teuli.net\/?page_id=9388\" data-type=\"link\" data-id=\"https:\/\/teuli.net\/?page_id=9388\">Jaan Miir<\/a><br \/>Ema: <a href=\"https:\/\/teuli.net\/?page_id=9390\" data-type=\"link\" data-id=\"https:\/\/teuli.net\/?page_id=9390\">Leena Miir<\/a><br \/>Vend: <a href=\"https:\/\/teuli.net\/?page_id=9392\" data-type=\"link\" data-id=\"https:\/\/teuli.net\/?page_id=9392\">Aleksander Miir<\/a><\/p>\n\n\n\n<p>Abiellus <a href=\"https:\/\/teuli.net\/?page_id=9414\" data-type=\"link\" data-id=\"https:\/\/teuli.net\/?page_id=9414\">nimi teadmata<\/a><br \/>s\u00fcndis t\u00fctar <a href=\"https:\/\/teuli.net\/?page_id=9411\" data-type=\"link\" data-id=\"https:\/\/teuli.net\/?page_id=9411\">Vaike Miir<\/a><\/p>\n","protected":false},"excerpt":{"rendered":"<p>S\u00fcnd: teadmataSurm: 18.10.1950Maetud: T\u00f5rma kalmistu, T\u00f5rma, 3. kvartal, 5.1-29, 4-kohaline kirstuplats Isa: Jaan MiirEma: Leena MiirVend: Aleksander Miir Abiellus nimi teadmatas\u00fcndis t\u00fctar Vaike Miir<\/p>\n","protected":false},"author":1,"featured_media":0,"parent":0,"menu_order":0,"comment_status":"closed","ping_status":"closed","template":"","meta":{"ngg_post_thumbnail":0,"footnotes":""},"class_list":["post-9408","page","type-page","status-publish","hentry"],"_links":{"self":[{"href":"https:\/\/teuli.net\/index.php?rest_route=\/wp\/v2\/pages\/9408","targetHints":{"allow":["GET"]}}],"collection":[{"href":"https:\/\/teuli.net\/index.php?rest_route=\/wp\/v2\/pages"}],"about":[{"href":"https:\/\/teuli.net\/index.php?rest_route=\/wp\/v2\/types\/page"}],"author":[{"embeddable":true,"href":"https:\/\/teuli.net\/index.php?rest_route=\/wp\/v2\/users\/1"}],"replies":[{"embeddable":true,"href":"https:\/\/teuli.net\/index.php?rest_route=%2Fwp%2Fv2%2Fcomments&post=9408"}],"version-history":[{"count":4,"href":"https:\/\/teuli.net\/index.php?rest_route=\/wp\/v2\/pages\/9408\/revisions"}],"predecessor-version":[{"id":9441,"href":"https:\/\/teuli.net\/index.php?rest_route=\/wp\/v2\/pages\/9408\/revisions\/9441"}],"wp:attachment":[{"href":"https:\/\/teuli.net\/index.php?rest_route=%2Fwp%2Fv2%2Fmedia&parent=9408"}],"curies":[{"name":"wp","href":"https:\/\/api.w.org\/{rel}","templated":true}]}}