{"id":9417,"date":"2023-11-04T16:22:43","date_gmt":"2023-11-04T14:22:43","guid":{"rendered":"https:\/\/teuli.net\/?page_id=9417"},"modified":"2023-11-04T17:56:08","modified_gmt":"2023-11-04T15:56:08","slug":"laine-miir","status":"publish","type":"page","link":"https:\/\/teuli.net\/?page_id=9417","title":{"rendered":"Laine Miir"},"content":{"rendered":"\n<p>S\u00fcnd: 12.10.1927<br \/>Surm: 04.09.2014<br \/>Maetud: <a href=\"https:\/\/www.kalmistud.ee\/haudi?action=hauaplats&amp;filter_hauaplats_hauaplats=XGWgDOD1Pavd\" data-type=\"link\" data-id=\"https:\/\/www.kalmistud.ee\/haudi?action=hauaplats&amp;filter_hauaplats_hauaplats=XGWgDOD1Pavd\">Tallinna P\u00e4rnam\u00e4e kalmistu, M, 32, D-284, 2-kohaline kirstuplats<\/a><\/p>\n\n\n\n<p>Abielus <a href=\"https:\/\/teuli.net\/?page_id=9425\" data-type=\"link\" data-id=\"https:\/\/teuli.net\/?page_id=9425\">Arnold Miiriga<\/a><\/p>\n","protected":false},"excerpt":{"rendered":"<p>S\u00fcnd: 12.10.1927Surm: 04.09.2014Maetud: Tallinna P\u00e4rnam\u00e4e kalmistu, M, 32, D-284, 2-kohaline kirstuplats Abielus Arnold Miiriga<\/p>\n","protected":false},"author":1,"featured_media":0,"parent":0,"menu_order":0,"comment_status":"closed","ping_status":"closed","template":"","meta":{"ngg_post_thumbnail":0,"footnotes":""},"class_list":["post-9417","page","type-page","status-publish","hentry"],"_links":{"self":[{"href":"https:\/\/teuli.net\/index.php?rest_route=\/wp\/v2\/pages\/9417","targetHints":{"allow":["GET"]}}],"collection":[{"href":"https:\/\/teuli.net\/index.php?rest_route=\/wp\/v2\/pages"}],"about":[{"href":"https:\/\/teuli.net\/index.php?rest_route=\/wp\/v2\/types\/page"}],"author":[{"embeddable":true,"href":"https:\/\/teuli.net\/index.php?rest_route=\/wp\/v2\/users\/1"}],"replies":[{"embeddable":true,"href":"https:\/\/teuli.net\/index.php?rest_route=%2Fwp%2Fv2%2Fcomments&post=9417"}],"version-history":[{"count":3,"href":"https:\/\/teuli.net\/index.php?rest_route=\/wp\/v2\/pages\/9417\/revisions"}],"predecessor-version":[{"id":9503,"href":"https:\/\/teuli.net\/index.php?rest_route=\/wp\/v2\/pages\/9417\/revisions\/9503"}],"wp:attachment":[{"href":"https:\/\/teuli.net\/index.php?rest_route=%2Fwp%2Fv2%2Fmedia&parent=9417"}],"curies":[{"name":"wp","href":"https:\/\/api.w.org\/{rel}","templated":true}]}}