{"id":9425,"date":"2023-11-04T16:23:46","date_gmt":"2023-11-04T14:23:46","guid":{"rendered":"https:\/\/teuli.net\/?page_id=9425"},"modified":"2023-11-05T11:23:40","modified_gmt":"2023-11-05T09:23:40","slug":"arnold-miir","status":"publish","type":"page","link":"https:\/\/teuli.net\/?page_id=9425","title":{"rendered":"Arnold Miir"},"content":{"rendered":"\n<p>S\u00fcnd: 20.03.1924 kell 03:00<br \/>Surm: 10.05.1979 (55)<br \/>Maetud: <a href=\"https:\/\/www.kalmistud.ee\/haudi?action=hauaplats&amp;filter_hauaplats_hauaplats=XGWgDOD1Pavd\" data-type=\"link\" data-id=\"https:\/\/www.kalmistud.ee\/haudi?action=hauaplats&amp;filter_hauaplats_hauaplats=XGWgDOD1Pavd\">Tallinna P\u00e4rnam\u00e4e kalmistu, M, 32, D-284, 2-kohaline kirstuplats<\/a><\/p>\n\n\n\n<p>Isa: <a href=\"https:\/\/teuli.net\/?page_id=9392\" data-type=\"link\" data-id=\"https:\/\/teuli.net\/?page_id=9392\">Aleksander Miir<\/a><br \/>Ema: <a href=\"https:\/\/teuli.net\/?page_id=9396\" data-type=\"link\" data-id=\"https:\/\/teuli.net\/?page_id=9396\">Marie Miir<\/a><\/p>\n\n\n\n<p>Vend: <a href=\"https:\/\/teuli.net\/?page_id=9429\" data-type=\"link\" data-id=\"https:\/\/teuli.net\/?page_id=9429\">Harald Miir<\/a><br \/>Vend: <a href=\"https:\/\/teuli.net\/?page_id=9405\" data-type=\"link\" data-id=\"https:\/\/teuli.net\/?page_id=9405\">Adolf Miir<\/a><br \/>\u00d5de: <a href=\"https:\/\/teuli.net\/?page_id=9398\" data-type=\"link\" data-id=\"https:\/\/teuli.net\/?page_id=9398\">Mirdanda Miir<\/a><\/p>\n\n\n\n<figure class=\"wp-block-image size-full\"><img loading=\"lazy\" decoding=\"async\" width=\"2560\" height=\"2034\" src=\"https:\/\/teuli.net\/wp-content\/uploads\/2023\/11\/eaa1223_001_0000053_00259_m-scaled.jpg\" alt=\"\" class=\"wp-image-9602\" srcset=\"https:\/\/teuli.net\/wp-content\/uploads\/2023\/11\/eaa1223_001_0000053_00259_m-scaled.jpg 2560w, https:\/\/teuli.net\/wp-content\/uploads\/2023\/11\/eaa1223_001_0000053_00259_m-300x238.jpg 300w, https:\/\/teuli.net\/wp-content\/uploads\/2023\/11\/eaa1223_001_0000053_00259_m-150x119.jpg 150w, https:\/\/teuli.net\/wp-content\/uploads\/2023\/11\/eaa1223_001_0000053_00259_m-768x610.jpg 768w, https:\/\/teuli.net\/wp-content\/uploads\/2023\/11\/eaa1223_001_0000053_00259_m-1536x1220.jpg 1536w, https:\/\/teuli.net\/wp-content\/uploads\/2023\/11\/eaa1223_001_0000053_00259_m-2048x1627.jpg 2048w\" sizes=\"auto, (max-width: 767px) 89vw, (max-width: 1000px) 54vw, (max-width: 1071px) 543px, 580px\" \/><\/figure>\n\n\n\n<p>1945 abiellus <a href=\"https:\/\/teuli.net\/?page_id=9491\" data-type=\"link\" data-id=\"https:\/\/teuli.net\/?page_id=9491\">Linda Kiisaga<\/a><br \/>12.01.1946 s\u00fcndis t\u00fctar Mare Miir<br \/>28.05.1947 s\u00fcndis t\u00fctar Anne Miir<br \/>Arnold Miir ja Linda Miir lahutasid oma abielu<br \/>Arnold Miir abiellus Maiega (perekonnanimi teadmata)<br \/>Neil s\u00fcndis poeg Kalmer Miir<br \/>Arnold Miir ja Maie Miir lahutasid oma abielu<br \/>Arnold Miir abiellus <a href=\"https:\/\/teuli.net\/?page_id=9417\" data-type=\"link\" data-id=\"https:\/\/teuli.net\/?page_id=9417\">Lainega<\/a> (perekonnanimi teadmata)<br \/><br \/><\/p>\n\n\n\n<p><a href=\"https:\/\/ais.ra.ee\/et\/description-unit\/view?id=223705599532\">https:\/\/ais.ra.ee\/et\/description-unit\/view?id=223705599532<\/a><\/p>\n\n\n\n<p><a href=\"https:\/\/ais.ra.ee\/et\/description-unit\/view?id=110700556626\">https:\/\/ais.ra.ee\/et\/description-unit\/view?id=110700556626<\/a><\/p>\n\n\n\n<p><a href=\"https:\/\/ais.ra.ee\/et\/description-unit\/view?id=223705599532\">https:\/\/ais.ra.ee\/et\/description-unit\/view?id=223705599532<\/a><\/p>\n","protected":false},"excerpt":{"rendered":"<p>S\u00fcnd: 20.03.1924 kell 03:00Surm: 10.05.1979 (55)Maetud: Tallinna P\u00e4rnam\u00e4e kalmistu, M, 32, D-284, 2-kohaline kirstuplats Isa: Aleksander MiirEma: Marie Miir Vend: Harald MiirVend: Adolf Miir\u00d5de: Mirdanda Miir 1945 abiellus Linda Kiisaga12.01.1946 s\u00fcndis t\u00fctar Mare Miir28.05.1947 s\u00fcndis t\u00fctar Anne MiirArnold Miir ja Linda Miir lahutasid oma abieluArnold Miir abiellus Maiega (perekonnanimi teadmata)Neil s\u00fcndis poeg Kalmer MiirArnold Miir &hellip; <\/p>\n<p class=\"link-more\"><a href=\"https:\/\/teuli.net\/?page_id=9425\" class=\"more-link\">Loe edasi<span class=\"screen-reader-text\"> &#8220;Arnold Miir&#8221;<\/span><\/a><\/p>\n","protected":false},"author":1,"featured_media":0,"parent":0,"menu_order":0,"comment_status":"closed","ping_status":"closed","template":"","meta":{"ngg_post_thumbnail":0,"footnotes":""},"class_list":["post-9425","page","type-page","status-publish","hentry"],"_links":{"self":[{"href":"https:\/\/teuli.net\/index.php?rest_route=\/wp\/v2\/pages\/9425","targetHints":{"allow":["GET"]}}],"collection":[{"href":"https:\/\/teuli.net\/index.php?rest_route=\/wp\/v2\/pages"}],"about":[{"href":"https:\/\/teuli.net\/index.php?rest_route=\/wp\/v2\/types\/page"}],"author":[{"embeddable":true,"href":"https:\/\/teuli.net\/index.php?rest_route=\/wp\/v2\/users\/1"}],"replies":[{"embeddable":true,"href":"https:\/\/teuli.net\/index.php?rest_route=%2Fwp%2Fv2%2Fcomments&post=9425"}],"version-history":[{"count":9,"href":"https:\/\/teuli.net\/index.php?rest_route=\/wp\/v2\/pages\/9425\/revisions"}],"predecessor-version":[{"id":9605,"href":"https:\/\/teuli.net\/index.php?rest_route=\/wp\/v2\/pages\/9425\/revisions\/9605"}],"wp:attachment":[{"href":"https:\/\/teuli.net\/index.php?rest_route=%2Fwp%2Fv2%2Fmedia&parent=9425"}],"curies":[{"name":"wp","href":"https:\/\/api.w.org\/{rel}","templated":true}]}}