{"id":9429,"date":"2023-11-04T16:24:25","date_gmt":"2023-11-04T14:24:25","guid":{"rendered":"https:\/\/teuli.net\/?page_id=9429"},"modified":"2023-11-05T11:13:57","modified_gmt":"2023-11-05T09:13:57","slug":"harald-miir","status":"publish","type":"page","link":"https:\/\/teuli.net\/?page_id=9429","title":{"rendered":"Harald Miir"},"content":{"rendered":"\n<p>S\u00fcnd: 17.06.1918 kell 12:00<br \/>Surm: 26.10.1957<br \/>Isa: <a href=\"https:\/\/teuli.net\/?page_id=9392\" data-type=\"link\" data-id=\"https:\/\/teuli.net\/?page_id=9392\">Aleksander Miir<\/a><br \/>Ema: <a href=\"https:\/\/teuli.net\/?page_id=9396\" data-type=\"link\" data-id=\"https:\/\/teuli.net\/?page_id=9396\">Marie Miir<\/a><\/p>\n\n\n\n<p>Vend: <a href=\"https:\/\/teuli.net\/?page_id=9425\" data-type=\"link\" data-id=\"https:\/\/teuli.net\/?page_id=9425\">Arnold Miir<\/a><br \/>Vend: <a href=\"https:\/\/teuli.net\/?page_id=9405\" data-type=\"link\" data-id=\"https:\/\/teuli.net\/?page_id=9405\">Adolf Miir<\/a><br \/>\u00d5de: <a href=\"https:\/\/teuli.net\/?page_id=9398\" data-type=\"link\" data-id=\"https:\/\/teuli.net\/?page_id=9398\">Miranda Miir<\/a><\/p>\n\n\n\n<p>Abiellus: <a href=\"https:\/\/teuli.net\/?page_id=9457\" data-type=\"link\" data-id=\"https:\/\/teuli.net\/?page_id=9457\">Erna Mudaga<\/a><br \/>S\u00fcndis poeg <a href=\"https:\/\/teuli.net\/?page_id=9433\" data-type=\"link\" data-id=\"https:\/\/teuli.net\/?page_id=9433\">Urmas Miir<\/a><br \/>23.06.1945 s\u00fcndis t\u00fctar <a href=\"https:\/\/teuli.net\/?page_id=9469\" data-type=\"link\" data-id=\"https:\/\/teuli.net\/?page_id=9469\">Urve Miir<\/a><br \/><\/p>\n\n\n\n<p><a href=\"https:\/\/ais.ra.ee\/et\/description-unit\/view?id=111300004354\">https:\/\/ais.ra.ee\/et\/description-unit\/view?id=111300004354<\/a><\/p>\n\n\n\n<figure class=\"wp-block-image size-full\"><img loading=\"lazy\" decoding=\"async\" width=\"2560\" height=\"1989\" src=\"https:\/\/teuli.net\/wp-content\/uploads\/2023\/11\/eaa1223_001_0000053_00200_m-scaled.jpg\" alt=\"\" class=\"wp-image-9598\" srcset=\"https:\/\/teuli.net\/wp-content\/uploads\/2023\/11\/eaa1223_001_0000053_00200_m-scaled.jpg 2560w, https:\/\/teuli.net\/wp-content\/uploads\/2023\/11\/eaa1223_001_0000053_00200_m-300x233.jpg 300w, https:\/\/teuli.net\/wp-content\/uploads\/2023\/11\/eaa1223_001_0000053_00200_m-150x117.jpg 150w, https:\/\/teuli.net\/wp-content\/uploads\/2023\/11\/eaa1223_001_0000053_00200_m-768x597.jpg 768w, https:\/\/teuli.net\/wp-content\/uploads\/2023\/11\/eaa1223_001_0000053_00200_m-1536x1193.jpg 1536w, https:\/\/teuli.net\/wp-content\/uploads\/2023\/11\/eaa1223_001_0000053_00200_m-2048x1591.jpg 2048w\" sizes=\"auto, (max-width: 767px) 89vw, (max-width: 1000px) 54vw, (max-width: 1071px) 543px, 580px\" \/><\/figure>\n","protected":false},"excerpt":{"rendered":"<p>S\u00fcnd: 17.06.1918 kell 12:00Surm: 26.10.1957Isa: Aleksander MiirEma: Marie Miir Vend: Arnold MiirVend: Adolf Miir\u00d5de: Miranda Miir Abiellus: Erna MudagaS\u00fcndis poeg Urmas Miir23.06.1945 s\u00fcndis t\u00fctar Urve Miir https:\/\/ais.ra.ee\/et\/description-unit\/view?id=111300004354<\/p>\n","protected":false},"author":1,"featured_media":0,"parent":0,"menu_order":0,"comment_status":"closed","ping_status":"closed","template":"","meta":{"ngg_post_thumbnail":0,"footnotes":""},"class_list":["post-9429","page","type-page","status-publish","hentry"],"_links":{"self":[{"href":"https:\/\/teuli.net\/index.php?rest_route=\/wp\/v2\/pages\/9429","targetHints":{"allow":["GET"]}}],"collection":[{"href":"https:\/\/teuli.net\/index.php?rest_route=\/wp\/v2\/pages"}],"about":[{"href":"https:\/\/teuli.net\/index.php?rest_route=\/wp\/v2\/types\/page"}],"author":[{"embeddable":true,"href":"https:\/\/teuli.net\/index.php?rest_route=\/wp\/v2\/users\/1"}],"replies":[{"embeddable":true,"href":"https:\/\/teuli.net\/index.php?rest_route=%2Fwp%2Fv2%2Fcomments&post=9429"}],"version-history":[{"count":4,"href":"https:\/\/teuli.net\/index.php?rest_route=\/wp\/v2\/pages\/9429\/revisions"}],"predecessor-version":[{"id":9600,"href":"https:\/\/teuli.net\/index.php?rest_route=\/wp\/v2\/pages\/9429\/revisions\/9600"}],"wp:attachment":[{"href":"https:\/\/teuli.net\/index.php?rest_route=%2Fwp%2Fv2%2Fmedia&parent=9429"}],"curies":[{"name":"wp","href":"https:\/\/api.w.org\/{rel}","templated":true}]}}