{"id":9507,"date":"2023-11-04T17:59:44","date_gmt":"2023-11-04T15:59:44","guid":{"rendered":"https:\/\/teuli.net\/?page_id=9507"},"modified":"2023-11-05T16:23:04","modified_gmt":"2023-11-05T14:23:04","slug":"mare-kapper","status":"publish","type":"page","link":"https:\/\/teuli.net\/?page_id=9507","title":{"rendered":"Mare Kapper"},"content":{"rendered":"\n<p>S\u00fcnd: 12.01.1946<br \/>Surm: 06.01.2007 (60)<br \/>Maetud: Raudi kalmistu, Uus osa, 13 kvartal, 2-19, 1-kohaline kirstuplats<\/p>\n\n\n\n<p>Isa: Arnold Miir<br \/>Ema: Linda Miir<\/p>\n\n\n\n<p>S\u00fcndis t\u00fctar Margit Kapper (isa teadmata)<br \/>S\u00fcndis poeg Raivet Kapper (isa teadmata)<br \/>S\u00fcndis t\u00fctar Katrin Kapper (isa teadmata)<br \/>Abiellus Enn Kapperga<br \/>S\u00fcndis t\u00fctar Kersti Kapper<\/p>\n","protected":false},"excerpt":{"rendered":"<p>S\u00fcnd: 12.01.1946Surm: 06.01.2007 (60)Maetud: Raudi kalmistu, Uus osa, 13 kvartal, 2-19, 1-kohaline kirstuplats Isa: Arnold MiirEma: Linda Miir S\u00fcndis t\u00fctar Margit Kapper (isa teadmata)S\u00fcndis poeg Raivet Kapper (isa teadmata)S\u00fcndis t\u00fctar Katrin Kapper (isa teadmata)Abiellus Enn KappergaS\u00fcndis t\u00fctar Kersti Kapper<\/p>\n","protected":false},"author":1,"featured_media":0,"parent":0,"menu_order":0,"comment_status":"closed","ping_status":"closed","template":"","meta":{"ngg_post_thumbnail":0,"footnotes":""},"class_list":["post-9507","page","type-page","status-publish","hentry"],"_links":{"self":[{"href":"https:\/\/teuli.net\/index.php?rest_route=\/wp\/v2\/pages\/9507","targetHints":{"allow":["GET"]}}],"collection":[{"href":"https:\/\/teuli.net\/index.php?rest_route=\/wp\/v2\/pages"}],"about":[{"href":"https:\/\/teuli.net\/index.php?rest_route=\/wp\/v2\/types\/page"}],"author":[{"embeddable":true,"href":"https:\/\/teuli.net\/index.php?rest_route=\/wp\/v2\/users\/1"}],"replies":[{"embeddable":true,"href":"https:\/\/teuli.net\/index.php?rest_route=%2Fwp%2Fv2%2Fcomments&post=9507"}],"version-history":[{"count":3,"href":"https:\/\/teuli.net\/index.php?rest_route=\/wp\/v2\/pages\/9507\/revisions"}],"predecessor-version":[{"id":9671,"href":"https:\/\/teuli.net\/index.php?rest_route=\/wp\/v2\/pages\/9507\/revisions\/9671"}],"wp:attachment":[{"href":"https:\/\/teuli.net\/index.php?rest_route=%2Fwp%2Fv2%2Fmedia&parent=9507"}],"curies":[{"name":"wp","href":"https:\/\/api.w.org\/{rel}","templated":true}]}}