{"id":9634,"date":"2023-11-05T12:33:48","date_gmt":"2023-11-05T10:33:48","guid":{"rendered":"https:\/\/teuli.net\/?page_id=9634"},"modified":"2023-11-05T12:56:33","modified_gmt":"2023-11-05T10:56:33","slug":"ernst-gutman","status":"publish","type":"page","link":"https:\/\/teuli.net\/?page_id=9634","title":{"rendered":"Ernst Gutman"},"content":{"rendered":"\n<p>S\u00fcnd: 01.10.1903<br \/>Surm: 30.01.1946 (42) sai surma kodu tallis granaadi l\u00e4bi. V\u00e4idetavalt olid nad seal \u00fche punaarmeelasega kahekesi ning viimane j\u00e4i ellu. Mis toimus, ei ole teada.<br \/>Maetud: Paide Reopalu, \u00dcldosa, VI kvartal, 31, 2-kohaline kirstuplats<\/p>\n\n\n\n<p>Isa: J\u00fcri Gutman<br \/>Ema: Miili Gutman<\/p>\n\n\n\n<p>Abiellus Eiraga (s\u00fcnninimi teadmata)<br \/>21.11.1936 s\u00fcndis poeg Vello Raju<br \/>Abikaasa Eira Raju suri<br \/>Abiellus Hildegard Elviine Naritsaga<br \/>16.07.1944 s\u00fcndis poeg Heino Raju<\/p>\n","protected":false},"excerpt":{"rendered":"<p>S\u00fcnd: 01.10.1903Surm: 30.01.1946 (42) sai surma kodu tallis granaadi l\u00e4bi. V\u00e4idetavalt olid nad seal \u00fche punaarmeelasega kahekesi ning viimane j\u00e4i ellu. Mis toimus, ei ole teada.Maetud: Paide Reopalu, \u00dcldosa, VI kvartal, 31, 2-kohaline kirstuplats Isa: J\u00fcri GutmanEma: Miili Gutman Abiellus Eiraga (s\u00fcnninimi teadmata)21.11.1936 s\u00fcndis poeg Vello RajuAbikaasa Eira Raju suriAbiellus Hildegard Elviine Naritsaga16.07.1944 s\u00fcndis poeg &hellip; <\/p>\n<p class=\"link-more\"><a href=\"https:\/\/teuli.net\/?page_id=9634\" class=\"more-link\">Loe edasi<span class=\"screen-reader-text\"> &#8220;Ernst Gutman&#8221;<\/span><\/a><\/p>\n","protected":false},"author":1,"featured_media":0,"parent":0,"menu_order":0,"comment_status":"closed","ping_status":"closed","template":"","meta":{"ngg_post_thumbnail":0,"footnotes":""},"class_list":["post-9634","page","type-page","status-publish","hentry"],"_links":{"self":[{"href":"https:\/\/teuli.net\/index.php?rest_route=\/wp\/v2\/pages\/9634","targetHints":{"allow":["GET"]}}],"collection":[{"href":"https:\/\/teuli.net\/index.php?rest_route=\/wp\/v2\/pages"}],"about":[{"href":"https:\/\/teuli.net\/index.php?rest_route=\/wp\/v2\/types\/page"}],"author":[{"embeddable":true,"href":"https:\/\/teuli.net\/index.php?rest_route=\/wp\/v2\/users\/1"}],"replies":[{"embeddable":true,"href":"https:\/\/teuli.net\/index.php?rest_route=%2Fwp%2Fv2%2Fcomments&post=9634"}],"version-history":[{"count":2,"href":"https:\/\/teuli.net\/index.php?rest_route=\/wp\/v2\/pages\/9634\/revisions"}],"predecessor-version":[{"id":9636,"href":"https:\/\/teuli.net\/index.php?rest_route=\/wp\/v2\/pages\/9634\/revisions\/9636"}],"wp:attachment":[{"href":"https:\/\/teuli.net\/index.php?rest_route=%2Fwp%2Fv2%2Fmedia&parent=9634"}],"curies":[{"name":"wp","href":"https:\/\/api.w.org\/{rel}","templated":true}]}}