{"id":9692,"date":"2023-11-08T08:48:28","date_gmt":"2023-11-08T06:48:28","guid":{"rendered":"https:\/\/teuli.net\/?page_id=9692"},"modified":"2023-11-08T10:07:00","modified_gmt":"2023-11-08T08:07:00","slug":"mart-sakjas","status":"publish","type":"page","link":"https:\/\/teuli.net\/?page_id=9692","title":{"rendered":"Mart Sakjas"},"content":{"rendered":"\n<p>S\u00fcnd: 1852<br \/>Surm: teadmata<\/p>\n\n\n\n<p>Isa: <a href=\"https:\/\/teuli.net\/?page_id=9699\" data-type=\"link\" data-id=\"https:\/\/teuli.net\/?page_id=9699\">Hans Sakjas<\/a><br \/>Ema: <a href=\"https:\/\/teuli.net\/?page_id=9702\" data-type=\"link\" data-id=\"https:\/\/teuli.net\/?page_id=9702\">Kr\u00f5\u00f5t Sakjas<\/a><\/p>\n\n\n\n<p>Vend: <a href=\"https:\/\/teuli.net\/?page_id=9716\" data-type=\"link\" data-id=\"https:\/\/teuli.net\/?page_id=9716\">Jaan Sakjas<\/a><br \/>\u00d5de: <a href=\"https:\/\/teuli.net\/?page_id=9710\" data-type=\"link\" data-id=\"https:\/\/teuli.net\/?page_id=9710\">Madle Sakjas<\/a><br \/>Vend: <a href=\"https:\/\/teuli.net\/?page_id=9705\" data-type=\"link\" data-id=\"https:\/\/teuli.net\/?page_id=9705\">Hans Sakjas<\/a><br \/>\u00d5de: <a href=\"https:\/\/teuli.net\/?page_id=9697\" data-type=\"link\" data-id=\"https:\/\/teuli.net\/?page_id=9697\">Ann Sakjas<\/a><\/p>\n\n\n\n<p>Abiellus: <a href=\"https:\/\/teuli.net\/?page_id=9707\" data-type=\"link\" data-id=\"https:\/\/teuli.net\/?page_id=9707\">Marri Sakjasega<\/a><br \/>1973 s\u00fcndis t\u00fctar <a href=\"https:\/\/teuli.net\/?page_id=9802\" data-type=\"link\" data-id=\"https:\/\/teuli.net\/?page_id=9802\">Miili Sakjas<\/a><br \/>1880 sends t\u00fctar <a href=\"https:\/\/teuli.net\/?page_id=9804\" data-type=\"link\" data-id=\"https:\/\/teuli.net\/?page_id=9804\">Maria-Rosalie Sakjas<\/a><br \/>s\u00fcndis poeg <a href=\"https:\/\/teuli.net\/?page_id=9806\" data-type=\"link\" data-id=\"https:\/\/teuli.net\/?page_id=9806\">Aleksander Sakjas<\/a><br \/>s\u00fcndis t\u00fctar <a href=\"https:\/\/teuli.net\/?page_id=9809\" data-type=\"link\" data-id=\"https:\/\/teuli.net\/?page_id=9809\">Anna Sakjas<\/a><\/p>\n","protected":false},"excerpt":{"rendered":"<p>S\u00fcnd: 1852Surm: teadmata Isa: Hans SakjasEma: Kr\u00f5\u00f5t Sakjas Vend: Jaan Sakjas\u00d5de: Madle SakjasVend: Hans Sakjas\u00d5de: Ann Sakjas Abiellus: Marri Sakjasega1973 s\u00fcndis t\u00fctar Miili Sakjas1880 sends t\u00fctar Maria-Rosalie Sakjass\u00fcndis poeg Aleksander Sakjass\u00fcndis t\u00fctar Anna Sakjas<\/p>\n","protected":false},"author":1,"featured_media":0,"parent":0,"menu_order":0,"comment_status":"closed","ping_status":"closed","template":"","meta":{"ngg_post_thumbnail":0,"footnotes":""},"class_list":["post-9692","page","type-page","status-publish","hentry"],"_links":{"self":[{"href":"https:\/\/teuli.net\/index.php?rest_route=\/wp\/v2\/pages\/9692","targetHints":{"allow":["GET"]}}],"collection":[{"href":"https:\/\/teuli.net\/index.php?rest_route=\/wp\/v2\/pages"}],"about":[{"href":"https:\/\/teuli.net\/index.php?rest_route=\/wp\/v2\/types\/page"}],"author":[{"embeddable":true,"href":"https:\/\/teuli.net\/index.php?rest_route=\/wp\/v2\/users\/1"}],"replies":[{"embeddable":true,"href":"https:\/\/teuli.net\/index.php?rest_route=%2Fwp%2Fv2%2Fcomments&post=9692"}],"version-history":[{"count":4,"href":"https:\/\/teuli.net\/index.php?rest_route=\/wp\/v2\/pages\/9692\/revisions"}],"predecessor-version":[{"id":9812,"href":"https:\/\/teuli.net\/index.php?rest_route=\/wp\/v2\/pages\/9692\/revisions\/9812"}],"wp:attachment":[{"href":"https:\/\/teuli.net\/index.php?rest_route=%2Fwp%2Fv2%2Fmedia&parent=9692"}],"curies":[{"name":"wp","href":"https:\/\/api.w.org\/{rel}","templated":true}]}}