{"id":9694,"date":"2023-11-08T08:48:46","date_gmt":"2023-11-08T06:48:46","guid":{"rendered":"https:\/\/teuli.net\/?page_id=9694"},"modified":"2023-11-08T09:42:01","modified_gmt":"2023-11-08T07:42:01","slug":"marri-sakjas","status":"publish","type":"page","link":"https:\/\/teuli.net\/?page_id=9694","title":{"rendered":"Marri Sakjas"},"content":{"rendered":"\n<p>S\u00fcnd: 1853<br \/>Surm: teadmata<\/p>\n\n\n\n<p>Isa: teadmata<br \/>Ema: teadmata<\/p>\n\n\n\n<p>Abiellus: <a href=\"https:\/\/teuli.net\/?page_id=9705\" data-type=\"link\" data-id=\"https:\/\/teuli.net\/?page_id=9705\">Hans Sakjasega<\/a><\/p>\n\n\n\n<p>T\u00fctar: <a href=\"https:\/\/teuli.net\/?page_id=9714\" data-type=\"link\" data-id=\"https:\/\/teuli.net\/?page_id=9714\">Anna-Maria Sakjas<\/a><br \/>Poeg: <a href=\"https:\/\/teuli.net\/?page_id=9712\" data-type=\"link\" data-id=\"https:\/\/teuli.net\/?page_id=9712\">Jaan Sakjas<\/a><br \/>T\u00fctar: <a href=\"https:\/\/teuli.net\/?page_id=9718\" data-type=\"link\" data-id=\"https:\/\/teuli.net\/?page_id=9718\">Anna-Maria Sakjas<\/a><br \/>Poeg: <a href=\"https:\/\/teuli.net\/?page_id=9720\" data-type=\"link\" data-id=\"https:\/\/teuli.net\/?page_id=9720\">Johannes Sakjas<\/a><br \/>Poeg: <a href=\"https:\/\/teuli.net\/?page_id=9722\" data-type=\"link\" data-id=\"https:\/\/teuli.net\/?page_id=9722\">Aleksander Sakjas<\/a><br \/>T\u00fctar: <a href=\"https:\/\/teuli.net\/?page_id=9724\" data-type=\"link\" data-id=\"https:\/\/teuli.net\/?page_id=9724\">Helene Sakjas<\/a><br \/>T\u00fctar: <a href=\"https:\/\/teuli.net\/?page_id=9726\" data-type=\"link\" data-id=\"https:\/\/teuli.net\/?page_id=9726\">Lowise Sakjas<\/a><br \/>Poeg: <a href=\"https:\/\/teuli.net\/?page_id=9728\" data-type=\"link\" data-id=\"https:\/\/teuli.net\/?page_id=9728\">Aleksander Sakjas<\/a><br \/>T\u00fctar: <a href=\"https:\/\/teuli.net\/?page_id=9730\" data-type=\"link\" data-id=\"https:\/\/teuli.net\/?page_id=9730\">Juli-Aliide Sakjas<\/a><br \/>Poeg: <a href=\"https:\/\/teuli.net\/?page_id=9732\" data-type=\"link\" data-id=\"https:\/\/teuli.net\/?page_id=9732\">Anton Sakjas<\/a><br \/>Poeg: <a href=\"https:\/\/teuli.net\/?page_id=9734\" data-type=\"link\" data-id=\"https:\/\/teuli.net\/?page_id=9734\">August Sakjas<\/a><\/p>\n","protected":false},"excerpt":{"rendered":"<p>S\u00fcnd: 1853Surm: teadmata Isa: teadmataEma: teadmata Abiellus: Hans Sakjasega T\u00fctar: Anna-Maria SakjasPoeg: Jaan SakjasT\u00fctar: Anna-Maria SakjasPoeg: Johannes SakjasPoeg: Aleksander SakjasT\u00fctar: Helene SakjasT\u00fctar: Lowise SakjasPoeg: Aleksander SakjasT\u00fctar: Juli-Aliide SakjasPoeg: Anton SakjasPoeg: August Sakjas<\/p>\n","protected":false},"author":1,"featured_media":0,"parent":0,"menu_order":0,"comment_status":"closed","ping_status":"closed","template":"","meta":{"ngg_post_thumbnail":0,"footnotes":""},"class_list":["post-9694","page","type-page","status-publish","hentry"],"_links":{"self":[{"href":"https:\/\/teuli.net\/index.php?rest_route=\/wp\/v2\/pages\/9694","targetHints":{"allow":["GET"]}}],"collection":[{"href":"https:\/\/teuli.net\/index.php?rest_route=\/wp\/v2\/pages"}],"about":[{"href":"https:\/\/teuli.net\/index.php?rest_route=\/wp\/v2\/types\/page"}],"author":[{"embeddable":true,"href":"https:\/\/teuli.net\/index.php?rest_route=\/wp\/v2\/users\/1"}],"replies":[{"embeddable":true,"href":"https:\/\/teuli.net\/index.php?rest_route=%2Fwp%2Fv2%2Fcomments&post=9694"}],"version-history":[{"count":3,"href":"https:\/\/teuli.net\/index.php?rest_route=\/wp\/v2\/pages\/9694\/revisions"}],"predecessor-version":[{"id":9783,"href":"https:\/\/teuli.net\/index.php?rest_route=\/wp\/v2\/pages\/9694\/revisions\/9783"}],"wp:attachment":[{"href":"https:\/\/teuli.net\/index.php?rest_route=%2Fwp%2Fv2%2Fmedia&parent=9694"}],"curies":[{"name":"wp","href":"https:\/\/api.w.org\/{rel}","templated":true}]}}