{"id":9702,"date":"2023-11-08T08:57:44","date_gmt":"2023-11-08T06:57:44","guid":{"rendered":"https:\/\/teuli.net\/?page_id=9702"},"modified":"2023-11-08T09:24:12","modified_gmt":"2023-11-08T07:24:12","slug":"kroot-sakjas","status":"publish","type":"page","link":"https:\/\/teuli.net\/?page_id=9702","title":{"rendered":"Kr\u00f5\u00f5t Sakjas"},"content":{"rendered":"\n<p>S\u00fcnd: 1813<br \/>Surm: 1874<\/p>\n\n\n\n<p>Isa: teadmata<br \/>Ema: teadmata<\/p>\n\n\n\n<p>Abiellus <a href=\"https:\/\/teuli.net\/?page_id=9699\" data-type=\"link\" data-id=\"https:\/\/teuli.net\/?page_id=9699\">Hans Sakjasega<\/a><br \/>Poeg: <a href=\"https:\/\/teuli.net\/?page_id=9692\" data-type=\"link\" data-id=\"https:\/\/teuli.net\/?page_id=9692\">Mart Sakjas<\/a><br \/>T\u00fctar: <a href=\"https:\/\/teuli.net\/?page_id=9697\" data-type=\"link\" data-id=\"https:\/\/teuli.net\/?page_id=9697\">Ann Sakjas<\/a><br \/>T\u00fctar: <a href=\"https:\/\/teuli.net\/?page_id=9707\" data-type=\"link\" data-id=\"https:\/\/teuli.net\/?page_id=9707\">Marri Sakjas<\/a><br \/>Poeg: <a href=\"https:\/\/teuli.net\/?page_id=9705\" data-type=\"link\" data-id=\"https:\/\/teuli.net\/?page_id=9705\">Hans Sakjas<\/a><br \/>T\u00fctar: <a href=\"https:\/\/teuli.net\/?page_id=9710\" data-type=\"link\" data-id=\"https:\/\/teuli.net\/?page_id=9710\">Madle Sakjas<\/a><br \/>Poeg: <a href=\"https:\/\/teuli.net\/?page_id=9712\" data-type=\"link\" data-id=\"https:\/\/teuli.net\/?page_id=9712\">Jaan Sakjas<\/a><\/p>\n","protected":false},"excerpt":{"rendered":"<p>S\u00fcnd: 1813Surm: 1874 Isa: teadmataEma: teadmata Abiellus Hans SakjasegaPoeg: Mart SakjasT\u00fctar: Ann SakjasT\u00fctar: Marri SakjasPoeg: Hans SakjasT\u00fctar: Madle SakjasPoeg: Jaan Sakjas<\/p>\n","protected":false},"author":1,"featured_media":0,"parent":0,"menu_order":0,"comment_status":"closed","ping_status":"closed","template":"","meta":{"ngg_post_thumbnail":0,"footnotes":""},"class_list":["post-9702","page","type-page","status-publish","hentry"],"_links":{"self":[{"href":"https:\/\/teuli.net\/index.php?rest_route=\/wp\/v2\/pages\/9702","targetHints":{"allow":["GET"]}}],"collection":[{"href":"https:\/\/teuli.net\/index.php?rest_route=\/wp\/v2\/pages"}],"about":[{"href":"https:\/\/teuli.net\/index.php?rest_route=\/wp\/v2\/types\/page"}],"author":[{"embeddable":true,"href":"https:\/\/teuli.net\/index.php?rest_route=\/wp\/v2\/users\/1"}],"replies":[{"embeddable":true,"href":"https:\/\/teuli.net\/index.php?rest_route=%2Fwp%2Fv2%2Fcomments&post=9702"}],"version-history":[{"count":2,"href":"https:\/\/teuli.net\/index.php?rest_route=\/wp\/v2\/pages\/9702\/revisions"}],"predecessor-version":[{"id":9773,"href":"https:\/\/teuli.net\/index.php?rest_route=\/wp\/v2\/pages\/9702\/revisions\/9773"}],"wp:attachment":[{"href":"https:\/\/teuli.net\/index.php?rest_route=%2Fwp%2Fv2%2Fmedia&parent=9702"}],"curies":[{"name":"wp","href":"https:\/\/api.w.org\/{rel}","templated":true}]}}