{"id":9705,"date":"2023-11-08T08:58:07","date_gmt":"2023-11-08T06:58:07","guid":{"rendered":"https:\/\/teuli.net\/?page_id=9705"},"modified":"2023-11-08T09:40:36","modified_gmt":"2023-11-08T07:40:36","slug":"hans-sakjas-2","status":"publish","type":"page","link":"https:\/\/teuli.net\/?page_id=9705","title":{"rendered":"Hans Sakjas"},"content":{"rendered":"\n<p>S\u00fcnd: 1843<br \/>Surm: 1901<\/p>\n\n\n\n<p>Isa: <a href=\"https:\/\/teuli.net\/?page_id=9699\" data-type=\"link\" data-id=\"https:\/\/teuli.net\/?page_id=9699\">Hans Sakjas<\/a><br \/>Ema: <a href=\"https:\/\/teuli.net\/?page_id=9702\" data-type=\"link\" data-id=\"https:\/\/teuli.net\/?page_id=9702\">Kr\u00f5\u00f5t Sakjas<\/a><\/p>\n\n\n\n<p>Vend: <a href=\"https:\/\/teuli.net\/?page_id=9692\" data-type=\"link\" data-id=\"https:\/\/teuli.net\/?page_id=9692\">Mart Sakjas<\/a><br \/>\u00d5de: <a href=\"https:\/\/teuli.net\/?page_id=9697\" data-type=\"link\" data-id=\"https:\/\/teuli.net\/?page_id=9697\">Ann Sakjas<\/a><br \/>Vend: <a href=\"https:\/\/teuli.net\/?page_id=9707\" data-type=\"link\" data-id=\"https:\/\/teuli.net\/?page_id=9707\">Marri Sakjas<\/a><br \/>\u00d5de: <a href=\"https:\/\/teuli.net\/?page_id=9710\" data-type=\"link\" data-id=\"https:\/\/teuli.net\/?page_id=9710\">Madle Sakjas<\/a><br \/>Vend: <a href=\"https:\/\/teuli.net\/?page_id=9712\" data-type=\"link\" data-id=\"https:\/\/teuli.net\/?page_id=9712\">Jaan Sakjas<\/a><\/p>\n\n\n\n<p>Abiellus <a href=\"https:\/\/teuli.net\/?page_id=9694\" data-type=\"link\" data-id=\"https:\/\/teuli.net\/?page_id=9694\">Marri Sakjasega<\/a><br \/>T\u00fctar: <a href=\"https:\/\/teuli.net\/?page_id=9714\" data-type=\"link\" data-id=\"https:\/\/teuli.net\/?page_id=9714\">Anna-Maria Sakjas<\/a><br \/>Poeg: <a href=\"https:\/\/teuli.net\/?page_id=9712\" data-type=\"link\" data-id=\"https:\/\/teuli.net\/?page_id=9712\">Jaan Sakjas<\/a><br \/>T\u00fctar: <a href=\"https:\/\/teuli.net\/?page_id=9718\" data-type=\"link\" data-id=\"https:\/\/teuli.net\/?page_id=9718\">Anna-Maria Sakjas<\/a><br \/>Poeg: <a href=\"https:\/\/teuli.net\/?page_id=9720\" data-type=\"link\" data-id=\"https:\/\/teuli.net\/?page_id=9720\">Johannes Sakjas<\/a><br \/>Poeg: <a href=\"https:\/\/teuli.net\/?page_id=9722\" data-type=\"link\" data-id=\"https:\/\/teuli.net\/?page_id=9722\">Aleksander Sakjas<\/a><br \/>T\u00fctar: <a href=\"https:\/\/teuli.net\/?page_id=9724\" data-type=\"link\" data-id=\"https:\/\/teuli.net\/?page_id=9724\">Helene Sakjas<\/a><br \/>T\u00fctar: <a href=\"https:\/\/teuli.net\/?page_id=9726\" data-type=\"link\" data-id=\"https:\/\/teuli.net\/?page_id=9726\">Lowise Sakjas<\/a><br \/>Poeg: <a href=\"https:\/\/teuli.net\/?page_id=9728\" data-type=\"link\" data-id=\"https:\/\/teuli.net\/?page_id=9728\">Aleksander Sakjas<\/a><br \/>T\u00fctar: <a href=\"https:\/\/teuli.net\/?page_id=9730\" data-type=\"link\" data-id=\"https:\/\/teuli.net\/?page_id=9730\">Juli-Aliide Sakjas<\/a><br \/>Poeg: <a href=\"https:\/\/teuli.net\/?page_id=9732\" data-type=\"link\" data-id=\"https:\/\/teuli.net\/?page_id=9732\">Anton Sakjas<\/a><br \/>Poeg: <a href=\"https:\/\/teuli.net\/?page_id=9734\" data-type=\"link\" data-id=\"https:\/\/teuli.net\/?page_id=9734\">August Sakjas<\/a><br \/><\/p>\n","protected":false},"excerpt":{"rendered":"<p>S\u00fcnd: 1843Surm: 1901 Isa: Hans SakjasEma: Kr\u00f5\u00f5t Sakjas Vend: Mart Sakjas\u00d5de: Ann SakjasVend: Marri Sakjas\u00d5de: Madle SakjasVend: Jaan Sakjas Abiellus Marri SakjasegaT\u00fctar: Anna-Maria SakjasPoeg: Jaan SakjasT\u00fctar: Anna-Maria SakjasPoeg: Johannes SakjasPoeg: Aleksander SakjasT\u00fctar: Helene SakjasT\u00fctar: Lowise SakjasPoeg: Aleksander SakjasT\u00fctar: Juli-Aliide SakjasPoeg: Anton SakjasPoeg: August Sakjas<\/p>\n","protected":false},"author":1,"featured_media":0,"parent":0,"menu_order":0,"comment_status":"closed","ping_status":"closed","template":"","meta":{"ngg_post_thumbnail":0,"footnotes":""},"class_list":["post-9705","page","type-page","status-publish","hentry"],"_links":{"self":[{"href":"https:\/\/teuli.net\/index.php?rest_route=\/wp\/v2\/pages\/9705","targetHints":{"allow":["GET"]}}],"collection":[{"href":"https:\/\/teuli.net\/index.php?rest_route=\/wp\/v2\/pages"}],"about":[{"href":"https:\/\/teuli.net\/index.php?rest_route=\/wp\/v2\/types\/page"}],"author":[{"embeddable":true,"href":"https:\/\/teuli.net\/index.php?rest_route=\/wp\/v2\/users\/1"}],"replies":[{"embeddable":true,"href":"https:\/\/teuli.net\/index.php?rest_route=%2Fwp%2Fv2%2Fcomments&post=9705"}],"version-history":[{"count":2,"href":"https:\/\/teuli.net\/index.php?rest_route=\/wp\/v2\/pages\/9705\/revisions"}],"predecessor-version":[{"id":9781,"href":"https:\/\/teuli.net\/index.php?rest_route=\/wp\/v2\/pages\/9705\/revisions\/9781"}],"wp:attachment":[{"href":"https:\/\/teuli.net\/index.php?rest_route=%2Fwp%2Fv2%2Fmedia&parent=9705"}],"curies":[{"name":"wp","href":"https:\/\/api.w.org\/{rel}","templated":true}]}}