{"id":9714,"date":"2023-11-08T08:59:37","date_gmt":"2023-11-08T06:59:37","guid":{"rendered":"https:\/\/teuli.net\/?page_id=9714"},"modified":"2023-11-08T09:46:33","modified_gmt":"2023-11-08T07:46:33","slug":"anna-maria-sakjas","status":"publish","type":"page","link":"https:\/\/teuli.net\/?page_id=9714","title":{"rendered":"Anna-Maria Sakjas"},"content":{"rendered":"\n<p>S\u00fcnd: 1870<br \/>Surm: 1901<br \/><br \/>Isa: <a href=\"https:\/\/teuli.net\/?page_id=9705\" data-type=\"link\" data-id=\"https:\/\/teuli.net\/?page_id=9705\">Hans Sakjas<\/a><br \/>Ema: <a href=\"https:\/\/teuli.net\/?page_id=9694\" data-type=\"link\" data-id=\"https:\/\/teuli.net\/?page_id=9694\">Marri Sakjas<\/a><\/p>\n\n\n\n<p><br \/>Vend: <a href=\"https:\/\/teuli.net\/?page_id=9712\" data-type=\"link\" data-id=\"https:\/\/teuli.net\/?page_id=9712\">Jaan Sakjas<\/a><br \/>\u00d5de: <a href=\"https:\/\/teuli.net\/?page_id=9718\" data-type=\"link\" data-id=\"https:\/\/teuli.net\/?page_id=9718\">Anna-Maria Sakjas<\/a><br \/>Vend: <a href=\"https:\/\/teuli.net\/?page_id=9720\" data-type=\"link\" data-id=\"https:\/\/teuli.net\/?page_id=9720\">Johannes Sakjas<\/a><br \/>\u00d5de: <a href=\"https:\/\/teuli.net\/?page_id=9722\" data-type=\"link\" data-id=\"https:\/\/teuli.net\/?page_id=9722\">Aleksander Sakjas<\/a><br \/>Vend: <a href=\"https:\/\/teuli.net\/?page_id=9724\" data-type=\"link\" data-id=\"https:\/\/teuli.net\/?page_id=9724\">Helene Sakjas<\/a><br \/>\u00d5de: <a href=\"https:\/\/teuli.net\/?page_id=9726\" data-type=\"link\" data-id=\"https:\/\/teuli.net\/?page_id=9726\">Lowise Sakjas<\/a><br \/>Vend: <a href=\"https:\/\/teuli.net\/?page_id=9728\" data-type=\"link\" data-id=\"https:\/\/teuli.net\/?page_id=9728\">Aleksander Sakjas<\/a><br \/>\u00d5de: <a href=\"https:\/\/teuli.net\/?page_id=9730\" data-type=\"link\" data-id=\"https:\/\/teuli.net\/?page_id=9730\">Juli-Aliide Sakjas<\/a><br \/>Vend: <a href=\"https:\/\/teuli.net\/?page_id=9732\" data-type=\"link\" data-id=\"https:\/\/teuli.net\/?page_id=9732\">Anton Sakjas<\/a><br \/>\u00d5de: <a href=\"https:\/\/teuli.net\/?page_id=9734\" data-type=\"link\" data-id=\"https:\/\/teuli.net\/?page_id=9734\">August Sakjas<\/a><\/p>\n","protected":false},"excerpt":{"rendered":"<p>S\u00fcnd: 1870Surm: 1901 Isa: Hans SakjasEma: Marri Sakjas Vend: Jaan Sakjas\u00d5de: Anna-Maria SakjasVend: Johannes Sakjas\u00d5de: Aleksander SakjasVend: Helene Sakjas\u00d5de: Lowise SakjasVend: Aleksander Sakjas\u00d5de: Juli-Aliide SakjasVend: Anton Sakjas\u00d5de: August Sakjas<\/p>\n","protected":false},"author":1,"featured_media":0,"parent":0,"menu_order":0,"comment_status":"closed","ping_status":"closed","template":"","meta":{"ngg_post_thumbnail":0,"footnotes":""},"class_list":["post-9714","page","type-page","status-publish","hentry"],"_links":{"self":[{"href":"https:\/\/teuli.net\/index.php?rest_route=\/wp\/v2\/pages\/9714","targetHints":{"allow":["GET"]}}],"collection":[{"href":"https:\/\/teuli.net\/index.php?rest_route=\/wp\/v2\/pages"}],"about":[{"href":"https:\/\/teuli.net\/index.php?rest_route=\/wp\/v2\/types\/page"}],"author":[{"embeddable":true,"href":"https:\/\/teuli.net\/index.php?rest_route=\/wp\/v2\/users\/1"}],"replies":[{"embeddable":true,"href":"https:\/\/teuli.net\/index.php?rest_route=%2Fwp%2Fv2%2Fcomments&post=9714"}],"version-history":[{"count":2,"href":"https:\/\/teuli.net\/index.php?rest_route=\/wp\/v2\/pages\/9714\/revisions"}],"predecessor-version":[{"id":9785,"href":"https:\/\/teuli.net\/index.php?rest_route=\/wp\/v2\/pages\/9714\/revisions\/9785"}],"wp:attachment":[{"href":"https:\/\/teuli.net\/index.php?rest_route=%2Fwp%2Fv2%2Fmedia&parent=9714"}],"curies":[{"name":"wp","href":"https:\/\/api.w.org\/{rel}","templated":true}]}}