{"id":9730,"date":"2023-11-08T09:03:45","date_gmt":"2023-11-08T07:03:45","guid":{"rendered":"https:\/\/teuli.net\/?page_id=9730"},"modified":"2023-11-08T09:50:38","modified_gmt":"2023-11-08T07:50:38","slug":"juli-alide-sakjas","status":"publish","type":"page","link":"https:\/\/teuli.net\/?page_id=9730","title":{"rendered":"Juli-Alide Sakjas"},"content":{"rendered":"\n<p>\u00d5de: <a href=\"https:\/\/teuli.net\/?page_id=9714\" data-type=\"link\" data-id=\"https:\/\/teuli.net\/?page_id=9714\">Anna-Maria Sakjas<\/a><br \/>Vend: <a href=\"https:\/\/teuli.net\/?page_id=9712\" data-type=\"link\" data-id=\"https:\/\/teuli.net\/?page_id=9712\">Jaan Sakjas<\/a><br \/>\u00d5de: <a href=\"https:\/\/teuli.net\/?page_id=9718\" data-type=\"link\" data-id=\"https:\/\/teuli.net\/?page_id=9718\">Anna-Maria Sakjas<\/a><br \/>Vend: <a href=\"https:\/\/teuli.net\/?page_id=9720\" data-type=\"link\" data-id=\"https:\/\/teuli.net\/?page_id=9720\">Johannes Sakjas<\/a><br \/>\u00d5de: <a href=\"https:\/\/teuli.net\/?page_id=9722\" data-type=\"link\" data-id=\"https:\/\/teuli.net\/?page_id=9722\">Aleksander Sakjas<\/a><br \/>Vend: <a href=\"https:\/\/teuli.net\/?page_id=9724\" data-type=\"link\" data-id=\"https:\/\/teuli.net\/?page_id=9724\">Helene Sakjas<\/a><br \/>\u00d5de: <a href=\"https:\/\/teuli.net\/?page_id=9726\" data-type=\"link\" data-id=\"https:\/\/teuli.net\/?page_id=9726\">Lowise Sakjas<\/a><br \/>Vend: <a href=\"https:\/\/teuli.net\/?page_id=9728\" data-type=\"link\" data-id=\"https:\/\/teuli.net\/?page_id=9728\">Aleksander Sakjas<\/a><br \/>Vend: <a href=\"https:\/\/teuli.net\/?page_id=9732\" data-type=\"link\" data-id=\"https:\/\/teuli.net\/?page_id=9732\">Anton Sakjas<\/a><br \/>\u00d5de: <a href=\"https:\/\/teuli.net\/?page_id=9734\" data-type=\"link\" data-id=\"https:\/\/teuli.net\/?page_id=9734\">August Sakjas<\/a><\/p>\n","protected":false},"excerpt":{"rendered":"<p>\u00d5de: Anna-Maria SakjasVend: Jaan Sakjas\u00d5de: Anna-Maria SakjasVend: Johannes Sakjas\u00d5de: Aleksander SakjasVend: Helene Sakjas\u00d5de: Lowise SakjasVend: Aleksander SakjasVend: Anton Sakjas\u00d5de: August Sakjas<\/p>\n","protected":false},"author":1,"featured_media":0,"parent":0,"menu_order":0,"comment_status":"closed","ping_status":"closed","template":"","meta":{"ngg_post_thumbnail":0,"footnotes":""},"class_list":["post-9730","page","type-page","status-publish","hentry"],"_links":{"self":[{"href":"https:\/\/teuli.net\/index.php?rest_route=\/wp\/v2\/pages\/9730","targetHints":{"allow":["GET"]}}],"collection":[{"href":"https:\/\/teuli.net\/index.php?rest_route=\/wp\/v2\/pages"}],"about":[{"href":"https:\/\/teuli.net\/index.php?rest_route=\/wp\/v2\/types\/page"}],"author":[{"embeddable":true,"href":"https:\/\/teuli.net\/index.php?rest_route=\/wp\/v2\/users\/1"}],"replies":[{"embeddable":true,"href":"https:\/\/teuli.net\/index.php?rest_route=%2Fwp%2Fv2%2Fcomments&post=9730"}],"version-history":[{"count":2,"href":"https:\/\/teuli.net\/index.php?rest_route=\/wp\/v2\/pages\/9730\/revisions"}],"predecessor-version":[{"id":9792,"href":"https:\/\/teuli.net\/index.php?rest_route=\/wp\/v2\/pages\/9730\/revisions\/9792"}],"wp:attachment":[{"href":"https:\/\/teuli.net\/index.php?rest_route=%2Fwp%2Fv2%2Fmedia&parent=9730"}],"curies":[{"name":"wp","href":"https:\/\/api.w.org\/{rel}","templated":true}]}}